{"id":137,"date":"2017-08-28T08:59:05","date_gmt":"2017-08-28T06:59:05","guid":{"rendered":"http:\/\/toveksbil.hemsida.eu\/?page_id=137"},"modified":"2025-01-10T09:49:07","modified_gmt":"2025-01-10T08:49:07","slug":"verkstad-service","status":"publish","type":"page","link":"https:\/\/toveksbil.se\/lastbilar\/verkstad","title":{"rendered":"Verkstad"},"content":{"rendered":"<div class=\"wpb-content-wrapper\"><p>[vc_row][vc_column width=&#8221;2\/3&#8243;][vc_column_text]<\/p>\n<h1>Verkstad<\/h1>\n<p>P\u00e5 v\u00e5ra verkst\u00e4der hj\u00e4lper vi dig att serva och reparera lastbilar, bussar, sl\u00e4p\/trailer och p\u00e5byggnationer. Vi har l\u00e5ng erfarenhet och certifierad personal som utf\u00f6r skadereparationer, \u00f6verflyttning av p\u00e5byggnationer och f\u00e4rdskrivarkontroller. F\u00f6r att vi ska f\u00e5 beh\u00e5lla v\u00e5r auktorisering st\u00e4ller Scania h\u00f6ga krav p\u00e5 oss s\u00e5 du kan alltid k\u00e4nna dig s\u00e4ker p\u00e5 att du f\u00e5r b\u00e4sta t\u00e4nkbara hj\u00e4lp hos oss. Vi har auktoriserade verkst\u00e4der i Falk\u00f6ping, Lidk\u00f6ping, Mariestad, Motala, Sk\u00f6vde, Trollh\u00e4ttan, Uddevalla, Vara &amp; \u00c5m\u00e5l.[\/vc_column_text][\/vc_column][vc_column width=&#8221;1\/3&#8243;][vc_empty_space][vc_column_text]<\/p>\n<p style=\"text-align: center;\"><a href=\"https:\/\/toveksbil.se\/lastbilar\/kontakt-verkstad\/\"><img decoding=\"async\" class=\"alignnone wp-image-6390\" src=\"https:\/\/toveksbil.se\/lastbilar\/wp-content\/uploads\/2018\/05\/Telefon-150x150.png\" alt=\"\" width=\"70\" height=\"70\" \/><\/a><\/p>\n<h5 style=\"text-align: center;\"><a href=\"https:\/\/toveksbil.se\/lastbilar\/kontakt-verkstad\/\">Kontakta oss<\/a><\/h5>\n<p>[\/vc_column_text][\/vc_column][\/vc_row][vc_row][vc_column][vc_column_text]<\/p>\n<h2>V\u00e5ra tj\u00e4nster<\/h2>\n<p>Hos oss kan du f\u00e5 hj\u00e4lp med det mesta kring din lastbil, bland annat:[\/vc_column_text][\/vc_column][\/vc_row][vc_row][vc_column width=&#8221;1\/3&#8243;][vc_column_text]<\/p>\n<ul>\n<li>Ackrediterad f\u00f6r att \u201dsl\u00e4cka 2-or\u201d<\/li>\n<li>P\u00e5byggnationer<\/li>\n<li>Sl\u00e4p<\/li>\n<li>Begagnade bilar och sl\u00e4p<\/li>\n<li>Hyrlastbilar<\/li>\n<li>Reparationer<\/li>\n<\/ul>\n<p>[\/vc_column_text][\/vc_column][vc_column width=&#8221;1\/3&#8243;][vc_column_text]<\/p>\n<ul>\n<li>Skadeverkstad<\/li>\n<li>Tv\u00e4tthallar<\/li>\n<li>Hydraulik<\/li>\n<li>Alkol\u00e5s<\/li>\n<li>Bromsar f\u00f6r lastbilar och sl\u00e4p<\/li>\n<li>Sm\u00f6rjning<\/li>\n<\/ul>\n<p>[\/vc_column_text][\/vc_column][vc_column width=&#8221;1\/3&#8243;][vc_column_text]<\/p>\n<ul>\n<li>Axelinst\u00e4llning<\/li>\n<li>L\u00e5nebil vid service<\/li>\n<li>F\u00e4rdskrivare<\/li>\n<li>2-\u00e5rskontroller av f\u00e4rdskrivare<\/li>\n<li>Ljusinst\u00e4llningar<\/li>\n<\/ul>\n<p>[\/vc_column_text][\/vc_column][\/vc_row][vc_row][vc_column][vc_column_text]<\/p>\n<hr \/>\n<p>[\/vc_column_text][\/vc_column][\/vc_row]<\/p>\n<\/div>","protected":false},"excerpt":{"rendered":"<p>[vc_row][vc_column width=&#8221;2\/3&#8243;][vc_column_text] Verkstad P\u00e5 v\u00e5ra verkst\u00e4der hj\u00e4lper vi dig att serva och reparera lastbilar, bussar, sl\u00e4p\/trailer och p\u00e5byggnationer. Vi har l\u00e5ng erfarenhet och certifierad personal som utf\u00f6r skadereparationer, \u00f6verflyttning av p\u00e5byggnationer och f\u00e4rdskrivarkontroller. F\u00f6r att vi ska f\u00e5 beh\u00e5lla v\u00e5r auktorisering st\u00e4ller Scania h\u00f6ga krav p\u00e5 oss s\u00e5 du kan alltid k\u00e4nna dig s\u00e4ker p\u00e5 [&hellip;]<\/p>\n","protected":false},"author":1,"featured_media":0,"parent":0,"menu_order":41,"comment_status":"closed","ping_status":"closed","template":"templates\/Dackofalg.php","meta":{"_acf_changed":false,"_exactmetrics_skip_tracking":false,"_exactmetrics_sitenote_active":false,"_exactmetrics_sitenote_note":"","_exactmetrics_sitenote_category":0,"footnotes":""},"class_list":["post-137","page","type-page","status-publish","hentry"],"acf":[],"yoast_head":"<!-- This site is optimized with the Yoast SEO plugin v27.2 - https:\/\/yoast.com\/product\/yoast-seo-wordpress\/ -->\n<title>Lastbilsverkstad \u00bb Scania verkstad och service - Toveks lastbilar<\/title>\n<meta name=\"description\" content=\"P\u00e5 v\u00e5ra verkst\u00e4der s\u00e5 hj\u00e4lper vi dig med service, tillsyn och reparationer av tunga fordon, bussar, sl\u00e4p och p\u00e5byggnader. Vi \u00e4r utbildade och certifierade av att utf\u00f6ra korrekta arbeten, vilket Scania st\u00e4ller h\u00f6ga krav p\u00e5.\" \/>\n<meta name=\"robots\" content=\"index, follow, max-snippet:-1, max-image-preview:large, max-video-preview:-1\" \/>\n<link rel=\"canonical\" href=\"https:\/\/toveksbil.se\/lastbilar\/verkstad\/\" \/>\n<meta name=\"twitter:card\" content=\"summary_large_image\" \/>\n<meta name=\"twitter:title\" content=\"Lastbilsverkstad \u00bb Scania verkstad och service - Toveks lastbilar\" \/>\n<meta name=\"twitter:description\" content=\"P\u00e5 v\u00e5ra verkst\u00e4der s\u00e5 hj\u00e4lper vi dig med service, tillsyn och reparationer av tunga fordon, bussar, sl\u00e4p och p\u00e5byggnader. Vi \u00e4r utbildade och certifierade av att utf\u00f6ra korrekta arbeten, vilket Scania st\u00e4ller h\u00f6ga krav p\u00e5.\" \/>\n<meta name=\"twitter:image\" content=\"https:\/\/toveksbil.se\/lastbilar\/wp-content\/uploads\/2018\/05\/Telefon-150x150.png\" \/>\n<meta name=\"twitter:label1\" content=\"Ber\u00e4knad l\u00e4stid\" \/>\n\t<meta name=\"twitter:data1\" content=\"1 minut\" \/>\n<script type=\"application\/ld+json\" class=\"yoast-schema-graph\">{\"@context\":\"https:\/\/schema.org\",\"@graph\":[{\"@type\":\"WebPage\",\"@id\":\"https:\/\/toveksbil.se\/lastbilar\/verkstad\/\",\"url\":\"https:\/\/toveksbil.se\/lastbilar\/verkstad\/\",\"name\":\"Lastbilsverkstad \u00bb Scania verkstad och service - Toveks lastbilar\",\"isPartOf\":{\"@id\":\"https:\/\/toveksbil.se\/lastbilar\/#website\"},\"primaryImageOfPage\":{\"@id\":\"https:\/\/toveksbil.se\/lastbilar\/verkstad\/#primaryimage\"},\"image\":{\"@id\":\"https:\/\/toveksbil.se\/lastbilar\/verkstad\/#primaryimage\"},\"thumbnailUrl\":\"https:\/\/toveksbil.se\/lastbilar\/wp-content\/uploads\/2018\/05\/Telefon-150x150.png\",\"datePublished\":\"2017-08-28T06:59:05+00:00\",\"dateModified\":\"2025-01-10T08:49:07+00:00\",\"description\":\"P\u00e5 v\u00e5ra verkst\u00e4der s\u00e5 hj\u00e4lper vi dig med service, tillsyn och reparationer av tunga fordon, bussar, sl\u00e4p och p\u00e5byggnader. Vi \u00e4r utbildade och certifierade av att utf\u00f6ra korrekta arbeten, vilket Scania st\u00e4ller h\u00f6ga krav p\u00e5.\",\"breadcrumb\":{\"@id\":\"https:\/\/toveksbil.se\/lastbilar\/verkstad\/#breadcrumb\"},\"inLanguage\":\"sv-SE\",\"potentialAction\":[{\"@type\":\"ReadAction\",\"target\":[\"https:\/\/toveksbil.se\/lastbilar\/verkstad\/\"]}]},{\"@type\":\"ImageObject\",\"inLanguage\":\"sv-SE\",\"@id\":\"https:\/\/toveksbil.se\/lastbilar\/verkstad\/#primaryimage\",\"url\":\"https:\/\/toveksbil.se\/lastbilar\/wp-content\/uploads\/2018\/05\/Telefon-150x150.png\",\"contentUrl\":\"https:\/\/toveksbil.se\/lastbilar\/wp-content\/uploads\/2018\/05\/Telefon-150x150.png\"},{\"@type\":\"BreadcrumbList\",\"@id\":\"https:\/\/toveksbil.se\/lastbilar\/verkstad\/#breadcrumb\",\"itemListElement\":[{\"@type\":\"ListItem\",\"position\":1,\"name\":\"Hem\",\"item\":\"https:\/\/toveksbil.se\/lastbilar\/\"},{\"@type\":\"ListItem\",\"position\":2,\"name\":\"Verkstad\"}]},{\"@type\":\"WebSite\",\"@id\":\"https:\/\/toveksbil.se\/lastbilar\/#website\",\"url\":\"https:\/\/toveksbil.se\/lastbilar\/\",\"name\":\"Toveks Bil\",\"description\":\"Hela v\u00e4gen\",\"potentialAction\":[{\"@type\":\"SearchAction\",\"target\":{\"@type\":\"EntryPoint\",\"urlTemplate\":\"https:\/\/toveksbil.se\/lastbilar\/?s={search_term_string}\"},\"query-input\":{\"@type\":\"PropertyValueSpecification\",\"valueRequired\":true,\"valueName\":\"search_term_string\"}}],\"inLanguage\":\"sv-SE\"}]}<\/script>\n<!-- \/ Yoast SEO plugin. -->","yoast_head_json":{"title":"Lastbilsverkstad \u00bb Scania verkstad och service - Toveks lastbilar","description":"P\u00e5 v\u00e5ra verkst\u00e4der s\u00e5 hj\u00e4lper vi dig med service, tillsyn och reparationer av tunga fordon, bussar, sl\u00e4p och p\u00e5byggnader. Vi \u00e4r utbildade och certifierade av att utf\u00f6ra korrekta arbeten, vilket Scania st\u00e4ller h\u00f6ga krav p\u00e5.","robots":{"index":"index","follow":"follow","max-snippet":"max-snippet:-1","max-image-preview":"max-image-preview:large","max-video-preview":"max-video-preview:-1"},"canonical":"https:\/\/toveksbil.se\/lastbilar\/verkstad\/","twitter_card":"summary_large_image","twitter_title":"Lastbilsverkstad \u00bb Scania verkstad och service - Toveks lastbilar","twitter_description":"P\u00e5 v\u00e5ra verkst\u00e4der s\u00e5 hj\u00e4lper vi dig med service, tillsyn och reparationer av tunga fordon, bussar, sl\u00e4p och p\u00e5byggnader. Vi \u00e4r utbildade och certifierade av att utf\u00f6ra korrekta arbeten, vilket Scania st\u00e4ller h\u00f6ga krav p\u00e5.","twitter_image":"https:\/\/toveksbil.se\/lastbilar\/wp-content\/uploads\/2018\/05\/Telefon-150x150.png","twitter_misc":{"Ber\u00e4knad l\u00e4stid":"1 minut"},"schema":{"@context":"https:\/\/schema.org","@graph":[{"@type":"WebPage","@id":"https:\/\/toveksbil.se\/lastbilar\/verkstad\/","url":"https:\/\/toveksbil.se\/lastbilar\/verkstad\/","name":"Lastbilsverkstad \u00bb Scania verkstad och service - Toveks lastbilar","isPartOf":{"@id":"https:\/\/toveksbil.se\/lastbilar\/#website"},"primaryImageOfPage":{"@id":"https:\/\/toveksbil.se\/lastbilar\/verkstad\/#primaryimage"},"image":{"@id":"https:\/\/toveksbil.se\/lastbilar\/verkstad\/#primaryimage"},"thumbnailUrl":"https:\/\/toveksbil.se\/lastbilar\/wp-content\/uploads\/2018\/05\/Telefon-150x150.png","datePublished":"2017-08-28T06:59:05+00:00","dateModified":"2025-01-10T08:49:07+00:00","description":"P\u00e5 v\u00e5ra verkst\u00e4der s\u00e5 hj\u00e4lper vi dig med service, tillsyn och reparationer av tunga fordon, bussar, sl\u00e4p och p\u00e5byggnader. Vi \u00e4r utbildade och certifierade av att utf\u00f6ra korrekta arbeten, vilket Scania st\u00e4ller h\u00f6ga krav p\u00e5.","breadcrumb":{"@id":"https:\/\/toveksbil.se\/lastbilar\/verkstad\/#breadcrumb"},"inLanguage":"sv-SE","potentialAction":[{"@type":"ReadAction","target":["https:\/\/toveksbil.se\/lastbilar\/verkstad\/"]}]},{"@type":"ImageObject","inLanguage":"sv-SE","@id":"https:\/\/toveksbil.se\/lastbilar\/verkstad\/#primaryimage","url":"https:\/\/toveksbil.se\/lastbilar\/wp-content\/uploads\/2018\/05\/Telefon-150x150.png","contentUrl":"https:\/\/toveksbil.se\/lastbilar\/wp-content\/uploads\/2018\/05\/Telefon-150x150.png"},{"@type":"BreadcrumbList","@id":"https:\/\/toveksbil.se\/lastbilar\/verkstad\/#breadcrumb","itemListElement":[{"@type":"ListItem","position":1,"name":"Hem","item":"https:\/\/toveksbil.se\/lastbilar\/"},{"@type":"ListItem","position":2,"name":"Verkstad"}]},{"@type":"WebSite","@id":"https:\/\/toveksbil.se\/lastbilar\/#website","url":"https:\/\/toveksbil.se\/lastbilar\/","name":"Toveks Bil","description":"Hela v\u00e4gen","potentialAction":[{"@type":"SearchAction","target":{"@type":"EntryPoint","urlTemplate":"https:\/\/toveksbil.se\/lastbilar\/?s={search_term_string}"},"query-input":{"@type":"PropertyValueSpecification","valueRequired":true,"valueName":"search_term_string"}}],"inLanguage":"sv-SE"}]}},"_links":{"self":[{"href":"https:\/\/toveksbil.se\/lastbilar\/wp-json\/wp\/v2\/pages\/137","targetHints":{"allow":["GET"]}}],"collection":[{"href":"https:\/\/toveksbil.se\/lastbilar\/wp-json\/wp\/v2\/pages"}],"about":[{"href":"https:\/\/toveksbil.se\/lastbilar\/wp-json\/wp\/v2\/types\/page"}],"author":[{"embeddable":true,"href":"https:\/\/toveksbil.se\/lastbilar\/wp-json\/wp\/v2\/users\/1"}],"replies":[{"embeddable":true,"href":"https:\/\/toveksbil.se\/lastbilar\/wp-json\/wp\/v2\/comments?post=137"}],"version-history":[{"count":137,"href":"https:\/\/toveksbil.se\/lastbilar\/wp-json\/wp\/v2\/pages\/137\/revisions"}],"predecessor-version":[{"id":8729,"href":"https:\/\/toveksbil.se\/lastbilar\/wp-json\/wp\/v2\/pages\/137\/revisions\/8729"}],"wp:attachment":[{"href":"https:\/\/toveksbil.se\/lastbilar\/wp-json\/wp\/v2\/media?parent=137"}],"curies":[{"name":"wp","href":"https:\/\/api.w.org\/{rel}","templated":true}]}}