{"id":3450,"date":"2017-11-09T09:17:24","date_gmt":"2017-11-09T08:17:24","guid":{"rendered":"http:\/\/toveksbil.hemsida.eu\/?page_id=3450"},"modified":"2026-01-13T09:45:33","modified_gmt":"2026-01-13T08:45:33","slug":"avvikande-oppettider","status":"publish","type":"page","link":"https:\/\/toveksbil.se\/lastbilar\/avvikande-oppettider\/","title":{"rendered":"Avvikande \u00f6ppettider"},"content":{"rendered":"<h3><strong>Avvikande \u00f6ppettider vid helgdagar:<\/strong><\/h3>\n<p>Vi har vissa avvikande \u00f6ppettider vid helgdagar. H\u00e4r kan du se vilka tider vi har \u00f6ppet och planera ditt bes\u00f6k p\u00e5 v\u00e5r anl\u00e4ggning d\u00e4refter. T\u00e4nk p\u00e5 att detta endast \u00e4r avvikelser. Du hittar v\u00e5ra ordinarie \u00f6ppettider under kontaktsidan f\u00f6r respektive ort.<\/p>\n<div>\n<h3 class=\"x_MsoNormal\">2026<\/h3>\n<\/div>\n<div>\n<p class=\"x_MsoNormal\">1\/1 Ny\u00e5rsdagen \u2013 St\u00e4ngt<br \/>\n5\/1 Trettondagsafton \u2013 \u00d6ppet till kl 17<br \/>\n6\/1 Trettondagen \u2013 St\u00e4ngt<br \/>\n2\/4 Sk\u00e4rtorsdag \u2013 \u00d6ppet till kl 17<br \/>\n3\/4 L\u00e5ngfredag \u2013 St\u00e4ngt<br \/>\n4\/4 P\u00e5skafton \u2013 St\u00e4ngt<br \/>\n5\/4 P\u00e5skdagen \u2013 St\u00e4ngt<br \/>\n6\/4 Annandag p\u00e5sk \u2013 St\u00e4ngt<br \/>\n30\/4 Valborgsm\u00e4ssoafton \u2013 \u00d6ppet till kl 17<br \/>\n1\/5 F\u00f6rsta maj \u2013 St\u00e4ngt<br \/>\n14\/5 Kristi Himmelsf\u00e4rdsdag \u2013 St\u00e4ngt<br \/>\n6\/6 Nationaldagen \u2013 St\u00e4ngt<br \/>\n18\/6 Dag f\u00f6re midsommarafton \u2013 \u00d6ppet till kl 17<br \/>\n19\/6 Midsommarafton \u2013 St\u00e4ngt<br \/>\n20\/6 Midsommardagen \u2013 St\u00e4ngt<br \/>\n31\/10 Alla helgons dag \u2013 St\u00e4ngt<br \/>\n23\/12 Dag f\u00f6re julafton \u2013 \u00d6ppet till kl 16<br \/>\n24\/12 Julafton \u2013 St\u00e4ngt<br \/>\n25\/12 Juldagen \u2013 St\u00e4ngt<br \/>\n26\/12 Annandag jul \u2013 St\u00e4ngt<br \/>\n30\/12 Ordinarie \u00f6ppettider<br \/>\n31\/12 Ny\u00e5rsafton \u2013 St\u00e4ngt<\/p>\n<\/div>\n","protected":false},"excerpt":{"rendered":"<p>Avvikande \u00f6ppettider vid helgdagar: Vi har vissa avvikande \u00f6ppettider vid helgdagar. H\u00e4r kan du se vilka tider vi har \u00f6ppet och planera ditt bes\u00f6k p\u00e5 v\u00e5r anl\u00e4ggning d\u00e4refter. T\u00e4nk p\u00e5 att detta endast \u00e4r avvikelser. Du hittar v\u00e5ra ordinarie \u00f6ppettider under kontaktsidan f\u00f6r respektive ort. 2026 1\/1 Ny\u00e5rsdagen \u2013 St\u00e4ngt 5\/1 Trettondagsafton \u2013 \u00d6ppet till [&hellip;]<\/p>\n","protected":false},"author":1,"featured_media":0,"parent":0,"menu_order":7,"comment_status":"closed","ping_status":"closed","template":"","meta":{"_acf_changed":false,"_exactmetrics_skip_tracking":false,"_exactmetrics_sitenote_active":false,"_exactmetrics_sitenote_note":"","_exactmetrics_sitenote_category":0,"footnotes":""},"class_list":["post-3450","page","type-page","status-publish","hentry"],"acf":[],"yoast_head":"<!-- This site is optimized with the Yoast SEO plugin v27.2 - https:\/\/yoast.com\/product\/yoast-seo-wordpress\/ -->\n<title>Se v\u00e5ra avvikande \u00f6ppettider vid helgdagar - Toveks Bil<\/title>\n<meta name=\"description\" content=\"Vi har vissa avvikande \u00f6ppettider vid helgdagar fr\u00e5n ordinarie. H\u00e4r kan du se vilka tider vi har \u00f6ppet och planera ditt bes\u00f6k p\u00e5 v\u00e5r anl\u00e4ggning d\u00e4refter.\" \/>\n<meta name=\"robots\" content=\"index, follow, max-snippet:-1, max-image-preview:large, max-video-preview:-1\" \/>\n<link rel=\"canonical\" href=\"https:\/\/toveksbil.se\/lastbilar\/avvikande-oppettider\/\" \/>\n<meta name=\"twitter:card\" content=\"summary_large_image\" \/>\n<meta name=\"twitter:title\" content=\"Se v\u00e5ra avvikande \u00f6ppettider vid helgdagar - Toveks Bil\" \/>\n<meta name=\"twitter:description\" content=\"Vi har vissa avvikande \u00f6ppettider vid helgdagar fr\u00e5n ordinarie. H\u00e4r kan du se vilka tider vi har \u00f6ppet och planera ditt bes\u00f6k p\u00e5 v\u00e5r anl\u00e4ggning d\u00e4refter.\" \/>\n<meta name=\"twitter:label1\" content=\"Ber\u00e4knad l\u00e4stid\" \/>\n\t<meta name=\"twitter:data1\" content=\"1 minut\" \/>\n<script type=\"application\/ld+json\" class=\"yoast-schema-graph\">{\"@context\":\"https:\/\/schema.org\",\"@graph\":[{\"@type\":\"WebPage\",\"@id\":\"https:\/\/toveksbil.se\/lastbilar\/avvikande-oppettider\/\",\"url\":\"https:\/\/toveksbil.se\/lastbilar\/avvikande-oppettider\/\",\"name\":\"Se v\u00e5ra avvikande \u00f6ppettider vid helgdagar - Toveks Bil\",\"isPartOf\":{\"@id\":\"https:\/\/toveksbil.se\/lastbilar\/#website\"},\"datePublished\":\"2017-11-09T08:17:24+00:00\",\"dateModified\":\"2026-01-13T08:45:33+00:00\",\"description\":\"Vi har vissa avvikande \u00f6ppettider vid helgdagar fr\u00e5n ordinarie. H\u00e4r kan du se vilka tider vi har \u00f6ppet och planera ditt bes\u00f6k p\u00e5 v\u00e5r anl\u00e4ggning d\u00e4refter.\",\"breadcrumb\":{\"@id\":\"https:\/\/toveksbil.se\/lastbilar\/avvikande-oppettider\/#breadcrumb\"},\"inLanguage\":\"sv-SE\",\"potentialAction\":[{\"@type\":\"ReadAction\",\"target\":[\"https:\/\/toveksbil.se\/lastbilar\/avvikande-oppettider\/\"]}]},{\"@type\":\"BreadcrumbList\",\"@id\":\"https:\/\/toveksbil.se\/lastbilar\/avvikande-oppettider\/#breadcrumb\",\"itemListElement\":[{\"@type\":\"ListItem\",\"position\":1,\"name\":\"Hem\",\"item\":\"https:\/\/toveksbil.se\/lastbilar\/\"},{\"@type\":\"ListItem\",\"position\":2,\"name\":\"Avvikande \u00f6ppettider\"}]},{\"@type\":\"WebSite\",\"@id\":\"https:\/\/toveksbil.se\/lastbilar\/#website\",\"url\":\"https:\/\/toveksbil.se\/lastbilar\/\",\"name\":\"Toveks Bil\",\"description\":\"Hela v\u00e4gen\",\"potentialAction\":[{\"@type\":\"SearchAction\",\"target\":{\"@type\":\"EntryPoint\",\"urlTemplate\":\"https:\/\/toveksbil.se\/lastbilar\/?s={search_term_string}\"},\"query-input\":{\"@type\":\"PropertyValueSpecification\",\"valueRequired\":true,\"valueName\":\"search_term_string\"}}],\"inLanguage\":\"sv-SE\"}]}<\/script>\n<!-- \/ Yoast SEO plugin. -->","yoast_head_json":{"title":"Se v\u00e5ra avvikande \u00f6ppettider vid helgdagar - Toveks Bil","description":"Vi har vissa avvikande \u00f6ppettider vid helgdagar fr\u00e5n ordinarie. H\u00e4r kan du se vilka tider vi har \u00f6ppet och planera ditt bes\u00f6k p\u00e5 v\u00e5r anl\u00e4ggning d\u00e4refter.","robots":{"index":"index","follow":"follow","max-snippet":"max-snippet:-1","max-image-preview":"max-image-preview:large","max-video-preview":"max-video-preview:-1"},"canonical":"https:\/\/toveksbil.se\/lastbilar\/avvikande-oppettider\/","twitter_card":"summary_large_image","twitter_title":"Se v\u00e5ra avvikande \u00f6ppettider vid helgdagar - Toveks Bil","twitter_description":"Vi har vissa avvikande \u00f6ppettider vid helgdagar fr\u00e5n ordinarie. H\u00e4r kan du se vilka tider vi har \u00f6ppet och planera ditt bes\u00f6k p\u00e5 v\u00e5r anl\u00e4ggning d\u00e4refter.","twitter_misc":{"Ber\u00e4knad l\u00e4stid":"1 minut"},"schema":{"@context":"https:\/\/schema.org","@graph":[{"@type":"WebPage","@id":"https:\/\/toveksbil.se\/lastbilar\/avvikande-oppettider\/","url":"https:\/\/toveksbil.se\/lastbilar\/avvikande-oppettider\/","name":"Se v\u00e5ra avvikande \u00f6ppettider vid helgdagar - Toveks Bil","isPartOf":{"@id":"https:\/\/toveksbil.se\/lastbilar\/#website"},"datePublished":"2017-11-09T08:17:24+00:00","dateModified":"2026-01-13T08:45:33+00:00","description":"Vi har vissa avvikande \u00f6ppettider vid helgdagar fr\u00e5n ordinarie. H\u00e4r kan du se vilka tider vi har \u00f6ppet och planera ditt bes\u00f6k p\u00e5 v\u00e5r anl\u00e4ggning d\u00e4refter.","breadcrumb":{"@id":"https:\/\/toveksbil.se\/lastbilar\/avvikande-oppettider\/#breadcrumb"},"inLanguage":"sv-SE","potentialAction":[{"@type":"ReadAction","target":["https:\/\/toveksbil.se\/lastbilar\/avvikande-oppettider\/"]}]},{"@type":"BreadcrumbList","@id":"https:\/\/toveksbil.se\/lastbilar\/avvikande-oppettider\/#breadcrumb","itemListElement":[{"@type":"ListItem","position":1,"name":"Hem","item":"https:\/\/toveksbil.se\/lastbilar\/"},{"@type":"ListItem","position":2,"name":"Avvikande \u00f6ppettider"}]},{"@type":"WebSite","@id":"https:\/\/toveksbil.se\/lastbilar\/#website","url":"https:\/\/toveksbil.se\/lastbilar\/","name":"Toveks Bil","description":"Hela v\u00e4gen","potentialAction":[{"@type":"SearchAction","target":{"@type":"EntryPoint","urlTemplate":"https:\/\/toveksbil.se\/lastbilar\/?s={search_term_string}"},"query-input":{"@type":"PropertyValueSpecification","valueRequired":true,"valueName":"search_term_string"}}],"inLanguage":"sv-SE"}]}},"_links":{"self":[{"href":"https:\/\/toveksbil.se\/lastbilar\/wp-json\/wp\/v2\/pages\/3450","targetHints":{"allow":["GET"]}}],"collection":[{"href":"https:\/\/toveksbil.se\/lastbilar\/wp-json\/wp\/v2\/pages"}],"about":[{"href":"https:\/\/toveksbil.se\/lastbilar\/wp-json\/wp\/v2\/types\/page"}],"author":[{"embeddable":true,"href":"https:\/\/toveksbil.se\/lastbilar\/wp-json\/wp\/v2\/users\/1"}],"replies":[{"embeddable":true,"href":"https:\/\/toveksbil.se\/lastbilar\/wp-json\/wp\/v2\/comments?post=3450"}],"version-history":[{"count":42,"href":"https:\/\/toveksbil.se\/lastbilar\/wp-json\/wp\/v2\/pages\/3450\/revisions"}],"predecessor-version":[{"id":9092,"href":"https:\/\/toveksbil.se\/lastbilar\/wp-json\/wp\/v2\/pages\/3450\/revisions\/9092"}],"wp:attachment":[{"href":"https:\/\/toveksbil.se\/lastbilar\/wp-json\/wp\/v2\/media?parent=3450"}],"curies":[{"name":"wp","href":"https:\/\/api.w.org\/{rel}","templated":true}]}}