{"id":525,"date":"2017-09-13T14:48:48","date_gmt":"2017-09-13T12:48:48","guid":{"rendered":"http:\/\/toveksbil.hemsida.eu\/kontakt-och-oppettider\/lidkoping-9\/"},"modified":"2026-02-23T11:30:17","modified_gmt":"2026-02-23T10:30:17","slug":"skovde","status":"publish","type":"page","link":"https:\/\/toveksbil.se\/lastbilar\/skovde\/","title":{"rendered":"Sk\u00f6vde"},"content":{"rendered":"<div class=\"wpb-content-wrapper\"><p>[vc_row][vc_column][vc_text_separator title=&#8221;Sk\u00f6vde&#8221; title_align=&#8221;separator_align_left&#8221; el_class=&#8221;kontor-title&#8221;][\/vc_column][\/vc_row][vc_row][vc_column offset=&#8221;vc_hidden-lg vc_hidden-md&#8221;][vc_column_text]<\/p>\n<h3>Adress<\/h3>\n<p>Mellomkvarnsv\u00e4gen 3<br \/>\n549 60 Sk\u00f6vde<\/p>\n<h3>Scania Assistance<\/h3>\n<p><strong>Tel:<\/strong> 042-100 100[\/vc_column_text][\/vc_column][\/vc_row][vc_row][vc_column width=&#8221;1\/2&#8243;][vc_column_text]I Sk\u00f6vde har vi tio v\u00e4lutbildade mekaniker som kan utf\u00f6ra de flesta reparationer och tillsyner p\u00e5 tunga fordon samt pressa hydraulslangar. Vi \u00e4r ackrediterade f\u00f6r att \u201dsl\u00e4cka 2:or\u201d samt att utf\u00f6ra f\u00e4rdskrivarkontroller. Vi har \u00e4ven certifierad personal f\u00f6r att arbeta med komfortkylanl\u00e4ggningar. Vi har stor erfarenhet av skadereparationer och \u00f6verflyttning av p\u00e5byggnationer. I anl\u00e4ggningen har vi en mycket modern tv\u00e4ttanl\u00e4ggning f\u00f6r tunga fordon som \u00e4r \u00f6ppet dygnet runt.[\/vc_column_text][\/vc_column][vc_column width=&#8221;1\/6&#8243;][\/vc_column][vc_column width=&#8221;1\/6&#8243; offset=&#8221;vc_hidden-sm vc_hidden-xs&#8221;][vc_column_text]<\/p>\n<h3>Adress<\/h3>\n<p>Mellomkvarnsv\u00e4gen 3<br \/>\n549 60 Sk\u00f6vde[\/vc_column_text][vc_column_text]<\/p>\n<h3>Scania Assistance<\/h3>\n<p><strong>Tel:<\/strong> 042-100 100[\/vc_column_text][\/vc_column][vc_column width=&#8221;1\/6&#8243;][\/vc_column][\/vc_row][vc_row][vc_column][vc_column_text]<\/p>\n<h5>\u00d6ppettider &amp; kontaktpersoner <i class=\"vc_tta-icon typcn typcn-arrow-sorted-down\"><\/i><\/h5>\n<p>[\/vc_column_text][\/vc_column][\/vc_row][vc_row][vc_column][vc_tta_tabs shape=&#8221;square&#8221; color=&#8221;black&#8221; active_section=&#8221;1&#8243; css_animation=&#8221;none&#8221; el_class=&#8221;kontakt-tabs&#8221;][vc_tta_section i_position=&#8221;right&#8221; i_type=&#8221;typicons&#8221; i_icon_typicons=&#8221;typcn typcn-arrow-sorted-down&#8221; add_icon=&#8221;true&#8221; title=&#8221;F\u00f6rs\u00e4ljning&#8221; tab_id=&#8221;bilforsaljning&#8221; el_class=&#8221;kontakt-tab&#8221;][vc_empty_space][vc_text_separator title=&#8221;Personal&#8221; title_align=&#8221;separator_align_left&#8221;][vc_column_text]<div class=\"row personal-wrap\"><div class=\"wpb_column vc_column_container vc_col-sm-2 personal-item\"><div class=\"vc_column-inner\"><img decoding=\"async\" src=\"https:\/\/toveksbil.se\/lastbilar\/wp-content\/uploads\/2018\/04\/Mathias-Bergstrand-2.jpg\" alt=\"Mathias Bergstrand\" \/><div class=\"personal-text\"><p class=\"carlist\"><\/p><h3>Mathias Bergstrand<\/h3><p><span style=\"font-style: italic\">S\u00e4ljare<\/span><br \/><img decoding=\"async\" src=\"https:\/\/toveksbil.se\/lastbilar\/wp-content\/themes\/Toveks\/img\/tel-ikon.png\" alt=\"Telefon\"><a href=\"tel:0500-427929\">0500-427929<\/a><br \/><img decoding=\"async\" src=\"https:\/\/toveksbil.se\/lastbilar\/wp-content\/themes\/Toveks\/img\/mail-ikon.png\" alt=\"E-post\"><a href=\"mailto:Mathias.Bergstrand@toveksbil.se\">Maila<\/a><\/p><\/div><\/div><\/div><\/div>[\/vc_column_text][vc_column_text]<p>V\u00e4xelnummer: <a href=\"tel:0771-50 40 30\">0771-50 40 30<\/a><\/p>[\/vc_column_text][\/vc_tta_section][vc_tta_section i_position=&#8221;right&#8221; i_type=&#8221;typicons&#8221; i_icon_typicons=&#8221;typcn typcn-arrow-sorted-down&#8221; add_icon=&#8221;true&#8221; title=&#8221;Verkstad&#8221; tab_id=&#8221;verkstad&#8221; el_class=&#8221;kontakt-tab&#8221;][vc_empty_space][vc_text_separator title=&#8221;\u00d6ppettider Verkstad&#8221; title_align=&#8221;separator_align_left&#8221;][vc_column_text]M\u00e5n-Tis och Fre: 7:00-16:00<br \/>\nOns-Tor: 7:00-21:00<br \/>\n<span style=\"color: #000000;\">L\u00f6rdag: 7:00-15:00<\/span><br \/>\n<a class=\"irregular-opening-hours\" href=\"\/lastbilar\/avvikande-oppettider\/\">Avvikande \u00f6ppettider<\/a>[\/vc_column_text][vc_text_separator title=&#8221;Personal&#8221; title_align=&#8221;separator_align_left&#8221;][vc_column_text]<div class=\"row personal-wrap\"><div class=\"wpb_column vc_column_container vc_col-sm-2 personal-item\"><div class=\"vc_column-inner\"><img decoding=\"async\" src=\"https:\/\/toveksbil.se\/lastbilar\/wp-content\/themes\/Toveks\/img\/ingen-bild.png\" alt=\"Servicer\u00e5dgivning \/ Tidsbokning\" \/><div class=\"personal-text\"><p class=\"carlist\"><\/p><h3>Servicer\u00e5dgivning \/ Tidsbokning<\/h3><p><span style=\"font-style: italic\"><\/span><br \/><img decoding=\"async\" src=\"https:\/\/toveksbil.se\/lastbilar\/wp-content\/themes\/Toveks\/img\/tel-ikon.png\" alt=\"Telefon\"><a href=\"tel:0500-427930\">0500-427930<\/a><br \/><img decoding=\"async\" src=\"https:\/\/toveksbil.se\/lastbilar\/wp-content\/themes\/Toveks\/img\/mail-ikon.png\" alt=\"E-post\"><a href=\"mailto:Skovde.Service@toveksbil.se\">Maila<\/a><\/p><\/div><\/div><\/div><div class=\"wpb_column vc_column_container vc_col-sm-2 personal-item\"><div class=\"vc_column-inner\"><img decoding=\"async\" src=\"https:\/\/toveksbil.se\/lastbilar\/wp-content\/uploads\/2018\/04\/Tommi-Uusitalo-1.jpg\" alt=\"Tommi Uusitalo\" \/><div class=\"personal-text\"><p class=\"carlist\"><\/p><h3>Tommi Uusitalo<\/h3><p><span style=\"font-style: italic\">Verkstadsadministrat\u00f6r<\/span><br \/><img decoding=\"async\" src=\"https:\/\/toveksbil.se\/lastbilar\/wp-content\/themes\/Toveks\/img\/tel-ikon.png\" alt=\"Telefon\"><a href=\"tel:0500-427932\">0500-427932<\/a><br \/><img decoding=\"async\" src=\"https:\/\/toveksbil.se\/lastbilar\/wp-content\/themes\/Toveks\/img\/mail-ikon.png\" alt=\"E-post\"><a href=\"mailto:tommi.uusitalo@toveksbil.se\">Maila<\/a><\/p><\/div><\/div><\/div><div class=\"wpb_column vc_column_container vc_col-sm-2 personal-item\"><div class=\"vc_column-inner\"><img decoding=\"async\" src=\"https:\/\/toveksbil.se\/lastbilar\/wp-content\/uploads\/2025\/11\/Anton-Hoglund.jpg\" alt=\"Anton H\u00f6glund\" \/><div class=\"personal-text\"><p class=\"carlist\"><\/p><h3>Anton H\u00f6glund<\/h3><p><span style=\"font-style: italic\">Servicechef<\/span><br \/><img decoding=\"async\" src=\"https:\/\/toveksbil.se\/lastbilar\/wp-content\/themes\/Toveks\/img\/tel-ikon.png\" alt=\"Telefon\"><a href=\"tel:0500-427907\">0500-427907<\/a><br \/><img decoding=\"async\" src=\"https:\/\/toveksbil.se\/lastbilar\/wp-content\/themes\/Toveks\/img\/mail-ikon.png\" alt=\"E-post\"><a href=\"mailto:anton.hoglund@toveksbil.se\">Maila<\/a><\/p><\/div><\/div><\/div><div class=\"wpb_column vc_column_container vc_col-sm-2 personal-item\"><div class=\"vc_column-inner\"><img decoding=\"async\" src=\"https:\/\/toveksbil.se\/lastbilar\/wp-content\/uploads\/2021\/10\/Magnus-Wallin.jpg\" alt=\"Magnus Wallin\" \/><div class=\"personal-text\"><p class=\"carlist\"><\/p><h3>Magnus Wallin<\/h3><p><span style=\"font-style: italic\">Serviceavtalss\u00e4ljare<\/span><br \/><img decoding=\"async\" src=\"https:\/\/toveksbil.se\/lastbilar\/wp-content\/themes\/Toveks\/img\/tel-ikon.png\" alt=\"Telefon\"><a href=\"tel:0500-783941\">0500-783941<\/a><br \/><img decoding=\"async\" src=\"https:\/\/toveksbil.se\/lastbilar\/wp-content\/themes\/Toveks\/img\/mail-ikon.png\" alt=\"E-post\"><a href=\"mailto:magnus.wallin@toveksbil.se\">Maila<\/a><\/p><\/div><\/div><\/div><div class=\"wpb_column vc_column_container vc_col-sm-2 personal-item\"><div class=\"vc_column-inner\"><img decoding=\"async\" src=\"https:\/\/toveksbil.se\/lastbilar\/wp-content\/themes\/Toveks\/img\/ingen-bild.png\" alt=\"Malin Andersson\" \/><div class=\"personal-text\"><p class=\"carlist\"><\/p><h3>Malin Andersson<\/h3><p><span style=\"font-style: italic\">Serviceavtalss\u00e4ljare<\/span><br \/><img decoding=\"async\" src=\"https:\/\/toveksbil.se\/lastbilar\/wp-content\/themes\/Toveks\/img\/tel-ikon.png\" alt=\"Telefon\"><a href=\"tel:0522-654309\">0522-654309<\/a><br \/><img decoding=\"async\" src=\"https:\/\/toveksbil.se\/lastbilar\/wp-content\/themes\/Toveks\/img\/mail-ikon.png\" alt=\"E-post\"><a href=\"mailto:malin.andersson@toveksbil.se\">Maila<\/a><\/p><\/div><\/div><\/div><div class=\"wpb_column vc_column_container vc_col-sm-2 personal-item\"><div class=\"vc_column-inner\"><img decoding=\"async\" src=\"https:\/\/toveksbil.se\/lastbilar\/wp-content\/uploads\/2025\/04\/Christer-Bjarnesund.jpg\" alt=\"Christer Bjarnesund\" \/><div class=\"personal-text\"><p class=\"carlist\"><\/p><h3>Christer Bjarnesund<\/h3><p><span style=\"font-style: italic\">Servicemarknadschef<\/span><br \/><img decoding=\"async\" src=\"https:\/\/toveksbil.se\/lastbilar\/wp-content\/themes\/Toveks\/img\/tel-ikon.png\" alt=\"Telefon\"><a href=\"tel:0522-654301\">0522-654301<\/a><br \/><img decoding=\"async\" src=\"https:\/\/toveksbil.se\/lastbilar\/wp-content\/themes\/Toveks\/img\/mail-ikon.png\" alt=\"E-post\"><a href=\"mailto:christer.bjarnesund@toveksbil.se\">Maila<\/a><\/p><\/div><\/div><\/div><\/div>[\/vc_column_text][vc_column_text]<p>V\u00e4xelnummer: <a href=\"tel:0771-50 40 30\">0771-50 40 30<\/a><\/p>[\/vc_column_text][\/vc_tta_section][vc_tta_section i_position=&#8221;right&#8221; i_type=&#8221;typicons&#8221; i_icon_typicons=&#8221;typcn typcn-arrow-sorted-down&#8221; add_icon=&#8221;true&#8221; title=&#8221;Reservdelar&#8221; tab_id=&#8221;reservdelar&#8221; el_class=&#8221;kontakt-tab&#8221;][vc_empty_space][vc_text_separator title=&#8221;\u00d6ppettider Reservdelar&#8221; title_align=&#8221;separator_align_left&#8221;][vc_column_text]M\u00e5n-Tis och Fre: 7:00-16:00<br \/>\nOns-Tor: 7:00-21:00<br \/>\n<span style=\"color: #000000;\">L\u00f6rdag: 7:00-15:00<\/span><br \/>\n<a class=\"irregular-opening-hours\" href=\"\/lastbilar\/avvikande-oppettider\/\">Avvikande \u00f6ppettider<\/a>[\/vc_column_text][vc_text_separator title=&#8221;Personal&#8221; title_align=&#8221;separator_align_left&#8221;][vc_column_text]<div class=\"row personal-wrap\"><div class=\"wpb_column vc_column_container vc_col-sm-2 personal-item\"><div class=\"vc_column-inner\"><img decoding=\"async\" src=\"https:\/\/toveksbil.se\/lastbilar\/wp-content\/uploads\/2018\/04\/Klas-Arvidsson-1.jpg\" alt=\"Klas Arvidsson\" \/><div class=\"personal-text\"><p class=\"carlist\"><\/p><h3>Klas Arvidsson<\/h3><p><span style=\"font-style: italic\">Reservdelsman<\/span><br \/><img decoding=\"async\" src=\"https:\/\/toveksbil.se\/lastbilar\/wp-content\/themes\/Toveks\/img\/tel-ikon.png\" alt=\"Telefon\"><a href=\"tel:0500-427931\">0500-427931<\/a><br \/><img decoding=\"async\" src=\"https:\/\/toveksbil.se\/lastbilar\/wp-content\/themes\/Toveks\/img\/mail-ikon.png\" alt=\"E-post\"><a href=\"mailto:klas.arvidsson@toveksbil.se\">Maila<\/a><\/p><\/div><\/div><\/div><div class=\"wpb_column vc_column_container vc_col-sm-2 personal-item\"><div class=\"vc_column-inner\"><img decoding=\"async\" src=\"https:\/\/toveksbil.se\/lastbilar\/wp-content\/uploads\/2018\/04\/Anders-Johansson-1.jpg\" alt=\"Anders Johansson\" \/><div class=\"personal-text\"><p class=\"carlist\"><\/p><h3>Anders Johansson<\/h3><p><span style=\"font-style: italic\">Reservdelsman<\/span><br \/><img decoding=\"async\" src=\"https:\/\/toveksbil.se\/lastbilar\/wp-content\/themes\/Toveks\/img\/tel-ikon.png\" alt=\"Telefon\"><a href=\"tel:0500-427934\">0500-427934<\/a><br \/><img decoding=\"async\" src=\"https:\/\/toveksbil.se\/lastbilar\/wp-content\/themes\/Toveks\/img\/mail-ikon.png\" alt=\"E-post\"><a href=\"mailto:anders.johansson@toveksbil.se\">Maila<\/a><\/p><\/div><\/div><\/div><\/div>[\/vc_column_text][vc_column_text]<p>V\u00e4xelnummer: <a href=\"tel:0771-50 40 30\">0771-50 40 30<\/a><\/p>[\/vc_column_text][\/vc_tta_section][vc_tta_section i_position=&#8221;right&#8221; i_type=&#8221;typicons&#8221; i_icon_typicons=&#8221;typcn typcn-arrow-sorted-down&#8221; add_icon=&#8221;true&#8221; title=&#8221;Administration&#8221; tab_id=&#8221;administration&#8221; el_class=&#8221;kontakt-tab&#8221;][vc_empty_space][vc_text_separator title=&#8221;\u00d6ppettider Administration&#8221; title_align=&#8221;separator_align_left&#8221;][vc_column_text]M\u00e5n-fre 08-17<br \/>\n<a class=\"irregular-opening-hours\" href=\"\/lastbilar\/avvikande-oppettider\/\">Avvikande \u00f6ppettider<\/a>[\/vc_column_text][vc_text_separator title=&#8221;Personal&#8221; title_align=&#8221;separator_align_left&#8221;][vc_column_text]<div class=\"row personal-wrap\"><div class=\"wpb_column vc_column_container vc_col-sm-2 personal-item\"><div class=\"vc_column-inner\"><img decoding=\"async\" src=\"https:\/\/toveksbil.se\/lastbilar\/wp-content\/uploads\/2026\/01\/EvaBlom.jpg\" alt=\"Eva Blom\" \/><div class=\"personal-text\"><p class=\"carlist\"><\/p><h3>Eva Blom<\/h3><p><span style=\"font-style: italic\">L\u00f6neadministrat\u00f6r<\/span><br \/><img decoding=\"async\" src=\"https:\/\/toveksbil.se\/lastbilar\/wp-content\/themes\/Toveks\/img\/tel-ikon.png\" alt=\"Telefon\"><a href=\"tel:0510-68869\">0510-68869<\/a><br \/><img decoding=\"async\" src=\"https:\/\/toveksbil.se\/lastbilar\/wp-content\/themes\/Toveks\/img\/mail-ikon.png\" alt=\"E-post\"><a href=\"mailto:eva.blom@toveksbil.se\">Maila<\/a><\/p><\/div><\/div><\/div><div class=\"wpb_column vc_column_container vc_col-sm-2 personal-item\"><div class=\"vc_column-inner\"><img decoding=\"async\" src=\"https:\/\/toveksbil.se\/lastbilar\/wp-content\/uploads\/2019\/05\/Ellen-Haglund-hemsida.jpg\" alt=\"Ellen Haglund\" \/><div class=\"personal-text\"><p class=\"carlist\"><\/p><h3>Ellen Haglund<\/h3><p><span style=\"font-style: italic\">L\u00f6neadministrat\u00f6r<\/span><br \/><img decoding=\"async\" src=\"https:\/\/toveksbil.se\/lastbilar\/wp-content\/themes\/Toveks\/img\/tel-ikon.png\" alt=\"Telefon\"><a href=\"tel:0510-68869\">0510-68869<\/a><br \/><img decoding=\"async\" src=\"https:\/\/toveksbil.se\/lastbilar\/wp-content\/themes\/Toveks\/img\/mail-ikon.png\" alt=\"E-post\"><a href=\"mailto:ellen.haglund@toveksbil.se\">Maila<\/a><\/p><\/div><\/div><\/div><div class=\"wpb_column vc_column_container vc_col-sm-2 personal-item\"><div class=\"vc_column-inner\"><img decoding=\"async\" src=\"https:\/\/toveksbil.se\/lastbilar\/wp-content\/uploads\/2018\/04\/Emilie-Werner.jpg\" alt=\"Emilie Werner\" \/><div class=\"personal-text\"><p class=\"carlist\"><\/p><h3>Emilie Werner<\/h3><p><span style=\"font-style: italic\">Ekonomi<\/span><br \/><img decoding=\"async\" src=\"https:\/\/toveksbil.se\/lastbilar\/wp-content\/themes\/Toveks\/img\/tel-ikon.png\" alt=\"Telefon\"><a href=\"tel:0510-68875\">0510-68875<\/a><br \/><img decoding=\"async\" src=\"https:\/\/toveksbil.se\/lastbilar\/wp-content\/themes\/Toveks\/img\/mail-ikon.png\" alt=\"E-post\"><a href=\"mailto:emilie.werner@toveksbil.se\">Maila<\/a><\/p><\/div><\/div><\/div><div class=\"wpb_column vc_column_container vc_col-sm-2 personal-item\"><div class=\"vc_column-inner\"><img decoding=\"async\" src=\"https:\/\/toveksbil.se\/lastbilar\/wp-content\/uploads\/2019\/02\/Anne-Ericsson-2.jpg\" alt=\"Anne Ericsson\" \/><div class=\"personal-text\"><p class=\"carlist\"><\/p><h3>Anne Ericsson<\/h3><p><span style=\"font-style: italic\">Ekonomichef<\/span><br \/><img decoding=\"async\" src=\"https:\/\/toveksbil.se\/lastbilar\/wp-content\/themes\/Toveks\/img\/tel-ikon.png\" alt=\"Telefon\"><a href=\"tel:0510-68851\">0510-68851<\/a><br \/><img decoding=\"async\" src=\"https:\/\/toveksbil.se\/lastbilar\/wp-content\/themes\/Toveks\/img\/mail-ikon.png\" alt=\"E-post\"><a href=\"mailto:anne.ericsson@toveksbil.se\">Maila<\/a><\/p><\/div><\/div><\/div><div class=\"wpb_column vc_column_container vc_col-sm-2 personal-item\"><div class=\"vc_column-inner\"><img decoding=\"async\" src=\"https:\/\/toveksbil.se\/lastbilar\/wp-content\/uploads\/2022\/06\/Gregor-hemsida.jpg\" alt=\"Gregor Tovek\" \/><div class=\"personal-text\"><p class=\"carlist\"><\/p><h3>Gregor Tovek<\/h3><p><span style=\"font-style: italic\">VD<\/span><br \/><img decoding=\"async\" src=\"https:\/\/toveksbil.se\/lastbilar\/wp-content\/themes\/Toveks\/img\/tel-ikon.png\" alt=\"Telefon\"><a href=\"tel:070-3307020\">070-3307020<\/a><br \/><img decoding=\"async\" src=\"https:\/\/toveksbil.se\/lastbilar\/wp-content\/themes\/Toveks\/img\/mail-ikon.png\" alt=\"E-post\"><a href=\"mailto:gregor.tovek@toveksbil.se\">Maila<\/a><\/p><\/div><\/div><\/div><\/div>[\/vc_column_text][vc_column_text]<p>V\u00e4xelnummer: <a href=\"tel:0771-50 40 30\">0771-50 40 30<\/a><\/p>[\/vc_column_text][\/vc_tta_section][vc_tta_section i_position=&#8221;right&#8221; i_type=&#8221;typicons&#8221; i_icon_typicons=&#8221;typcn typcn-arrow-sorted-down&#8221; add_icon=&#8221;true&#8221; title=&#8221;Hitta till oss&#8221; tab_id=&#8221;hittatilloss&#8221; el_class=&#8221;kontakt-tab&#8221;][vc_empty_space][vc_text_separator title=&#8221;Google Maps&#8221; title_align=&#8221;separator_align_left&#8221;][vc_gmaps link=&#8221;#E-8_JTNDaWZyYW1lJTIwc3JjJTNEJTIyaHR0cHMlM0ElMkYlMkZ3d3cuZ29vZ2xlLmNvbSUyRm1hcHMlMkZlbWJlZCUzRnBiJTNEJTIxMW0xOCUyMTFtMTIlMjExbTMlMjExZDIwODkuNDkxOTA2OTg3ODUxNSUyMTJkMTMuODc4MDk1ODE2NDYxNzIlMjEzZDU4LjQxODgyNTQ5MDcyODkxJTIxMm0zJTIxMWYwJTIxMmYwJTIxM2YwJTIxM20yJTIxMWkxMDI0JTIxMmk3NjglMjE0ZjEzLjElMjEzbTMlMjExbTIlMjExczB4NDY1YjAzZGRhNmFkNjE3MyUyNTNBMHhjNTJkOGYwMWMyOWY5YWIyJTIxMnNUb3Zla3MlMkJMYXN0YmlsYXIlMkJBQiUyMTVlMCUyMTNtMiUyMTFzc3YlMjEyc3NlJTIxNHYxNTIyMTUwNzMxMzU3JTIyJTIwd2lkdGglM0QlMjI2MDAlMjIlMjBoZWlnaHQlM0QlMjI0NTAlMjIlMjBmcmFtZWJvcmRlciUzRCUyMjAlMjIlMjBzdHlsZSUzRCUyMmJvcmRlciUzQTAlMjIlMjBhbGxvd2Z1bGxzY3JlZW4lM0UlM0MlMkZpZnJhbWUlM0U=&#8221;][\/vc_tta_section][\/vc_tta_tabs][\/vc_column][\/vc_row]<\/p>\n<\/div>","protected":false},"excerpt":{"rendered":"<p>[vc_row][vc_column][vc_text_separator title=&#8221;Sk\u00f6vde&#8221; title_align=&#8221;separator_align_left&#8221; el_class=&#8221;kontor-title&#8221;][\/vc_column][\/vc_row][vc_row][vc_column offset=&#8221;vc_hidden-lg vc_hidden-md&#8221;][vc_column_text] Adress Mellomkvarnsv\u00e4gen 3 549 60 Sk\u00f6vde Scania Assistance Tel: 042-100 100[\/vc_column_text][\/vc_column][\/vc_row][vc_row][vc_column width=&#8221;1\/2&#8243;][vc_column_text]I Sk\u00f6vde har vi tio v\u00e4lutbildade mekaniker som kan utf\u00f6ra de flesta reparationer och tillsyner p\u00e5 tunga fordon samt pressa hydraulslangar. Vi \u00e4r ackrediterade f\u00f6r att \u201dsl\u00e4cka 2:or\u201d samt att utf\u00f6ra f\u00e4rdskrivarkontroller. Vi har \u00e4ven certifierad personal f\u00f6r [&hellip;]<\/p>\n","protected":false},"author":1,"featured_media":0,"parent":0,"menu_order":9,"comment_status":"closed","ping_status":"closed","template":"templates\/Kontakt.php","meta":{"_acf_changed":false,"_exactmetrics_skip_tracking":false,"_exactmetrics_sitenote_active":false,"_exactmetrics_sitenote_note":"","_exactmetrics_sitenote_category":0,"footnotes":""},"class_list":["post-525","page","type-page","status-publish","hentry"],"acf":[],"yoast_head":"<!-- This site is optimized with the Yoast SEO plugin v27.2 - https:\/\/yoast.com\/product\/yoast-seo-wordpress\/ -->\n<title>Toveks Lastbilar i Sk\u00f6vde | Service, tillsyn och reparationer<\/title>\n<meta name=\"description\" content=\"I Sk\u00f6vde har vi elva v\u00e4lutbildade mekaniker som kan utf\u00f6ra de flesta reparationer och tillsyn p\u00e5 tunga fordon. Vi \u00e4r ackrediterade f\u00f6r att \u201dsl\u00e4cka 2:or\u201d samt att utf\u00f6ra f\u00e4rdskrivarkontroller. Vi finns p\u00e5 T\u00f6rebodav\u00e4gen, 541 91 Sk\u00f6vde\" \/>\n<meta name=\"robots\" content=\"index, follow, max-snippet:-1, max-image-preview:large, max-video-preview:-1\" \/>\n<link rel=\"canonical\" href=\"https:\/\/toveksbil.se\/lastbilar\/skovde\/\" \/>\n<meta name=\"twitter:card\" content=\"summary_large_image\" \/>\n<meta name=\"twitter:title\" content=\"Toveks Lastbilar i Sk\u00f6vde | Service, tillsyn och reparationer\" \/>\n<meta name=\"twitter:description\" content=\"I Sk\u00f6vde har vi elva v\u00e4lutbildade mekaniker som kan utf\u00f6ra de flesta reparationer och tillsyn p\u00e5 tunga fordon. Vi \u00e4r ackrediterade f\u00f6r att \u201dsl\u00e4cka 2:or\u201d samt att utf\u00f6ra f\u00e4rdskrivarkontroller. Vi finns p\u00e5 T\u00f6rebodav\u00e4gen, 541 91 Sk\u00f6vde\" \/>\n<meta name=\"twitter:label1\" content=\"Ber\u00e4knad l\u00e4stid\" \/>\n\t<meta name=\"twitter:data1\" content=\"5 minuter\" \/>\n<script type=\"application\/ld+json\" class=\"yoast-schema-graph\">{\"@context\":\"https:\/\/schema.org\",\"@graph\":[{\"@type\":\"WebPage\",\"@id\":\"https:\/\/toveksbil.se\/lastbilar\/skovde\/\",\"url\":\"https:\/\/toveksbil.se\/lastbilar\/skovde\/\",\"name\":\"Toveks Lastbilar i Sk\u00f6vde | Service, tillsyn och reparationer\",\"isPartOf\":{\"@id\":\"https:\/\/toveksbil.se\/lastbilar\/#website\"},\"datePublished\":\"2017-09-13T12:48:48+00:00\",\"dateModified\":\"2026-02-23T10:30:17+00:00\",\"description\":\"I Sk\u00f6vde har vi elva v\u00e4lutbildade mekaniker som kan utf\u00f6ra de flesta reparationer och tillsyn p\u00e5 tunga fordon. Vi \u00e4r ackrediterade f\u00f6r att \u201dsl\u00e4cka 2:or\u201d samt att utf\u00f6ra f\u00e4rdskrivarkontroller. Vi finns p\u00e5 T\u00f6rebodav\u00e4gen, 541 91 Sk\u00f6vde\",\"breadcrumb\":{\"@id\":\"https:\/\/toveksbil.se\/lastbilar\/skovde\/#breadcrumb\"},\"inLanguage\":\"sv-SE\",\"potentialAction\":[{\"@type\":\"ReadAction\",\"target\":[\"https:\/\/toveksbil.se\/lastbilar\/skovde\/\"]}]},{\"@type\":\"BreadcrumbList\",\"@id\":\"https:\/\/toveksbil.se\/lastbilar\/skovde\/#breadcrumb\",\"itemListElement\":[{\"@type\":\"ListItem\",\"position\":1,\"name\":\"Hem\",\"item\":\"https:\/\/toveksbil.se\/lastbilar\/\"},{\"@type\":\"ListItem\",\"position\":2,\"name\":\"Sk\u00f6vde\"}]},{\"@type\":\"WebSite\",\"@id\":\"https:\/\/toveksbil.se\/lastbilar\/#website\",\"url\":\"https:\/\/toveksbil.se\/lastbilar\/\",\"name\":\"Toveks Bil\",\"description\":\"Hela v\u00e4gen\",\"potentialAction\":[{\"@type\":\"SearchAction\",\"target\":{\"@type\":\"EntryPoint\",\"urlTemplate\":\"https:\/\/toveksbil.se\/lastbilar\/?s={search_term_string}\"},\"query-input\":{\"@type\":\"PropertyValueSpecification\",\"valueRequired\":true,\"valueName\":\"search_term_string\"}}],\"inLanguage\":\"sv-SE\"}]}<\/script>\n<!-- \/ Yoast SEO plugin. -->","yoast_head_json":{"title":"Toveks Lastbilar i Sk\u00f6vde | Service, tillsyn och reparationer","description":"I Sk\u00f6vde har vi elva v\u00e4lutbildade mekaniker som kan utf\u00f6ra de flesta reparationer och tillsyn p\u00e5 tunga fordon. Vi \u00e4r ackrediterade f\u00f6r att \u201dsl\u00e4cka 2:or\u201d samt att utf\u00f6ra f\u00e4rdskrivarkontroller. Vi finns p\u00e5 T\u00f6rebodav\u00e4gen, 541 91 Sk\u00f6vde","robots":{"index":"index","follow":"follow","max-snippet":"max-snippet:-1","max-image-preview":"max-image-preview:large","max-video-preview":"max-video-preview:-1"},"canonical":"https:\/\/toveksbil.se\/lastbilar\/skovde\/","twitter_card":"summary_large_image","twitter_title":"Toveks Lastbilar i Sk\u00f6vde | Service, tillsyn och reparationer","twitter_description":"I Sk\u00f6vde har vi elva v\u00e4lutbildade mekaniker som kan utf\u00f6ra de flesta reparationer och tillsyn p\u00e5 tunga fordon. Vi \u00e4r ackrediterade f\u00f6r att \u201dsl\u00e4cka 2:or\u201d samt att utf\u00f6ra f\u00e4rdskrivarkontroller. Vi finns p\u00e5 T\u00f6rebodav\u00e4gen, 541 91 Sk\u00f6vde","twitter_misc":{"Ber\u00e4knad l\u00e4stid":"5 minuter"},"schema":{"@context":"https:\/\/schema.org","@graph":[{"@type":"WebPage","@id":"https:\/\/toveksbil.se\/lastbilar\/skovde\/","url":"https:\/\/toveksbil.se\/lastbilar\/skovde\/","name":"Toveks Lastbilar i Sk\u00f6vde | Service, tillsyn och reparationer","isPartOf":{"@id":"https:\/\/toveksbil.se\/lastbilar\/#website"},"datePublished":"2017-09-13T12:48:48+00:00","dateModified":"2026-02-23T10:30:17+00:00","description":"I Sk\u00f6vde har vi elva v\u00e4lutbildade mekaniker som kan utf\u00f6ra de flesta reparationer och tillsyn p\u00e5 tunga fordon. Vi \u00e4r ackrediterade f\u00f6r att \u201dsl\u00e4cka 2:or\u201d samt att utf\u00f6ra f\u00e4rdskrivarkontroller. Vi finns p\u00e5 T\u00f6rebodav\u00e4gen, 541 91 Sk\u00f6vde","breadcrumb":{"@id":"https:\/\/toveksbil.se\/lastbilar\/skovde\/#breadcrumb"},"inLanguage":"sv-SE","potentialAction":[{"@type":"ReadAction","target":["https:\/\/toveksbil.se\/lastbilar\/skovde\/"]}]},{"@type":"BreadcrumbList","@id":"https:\/\/toveksbil.se\/lastbilar\/skovde\/#breadcrumb","itemListElement":[{"@type":"ListItem","position":1,"name":"Hem","item":"https:\/\/toveksbil.se\/lastbilar\/"},{"@type":"ListItem","position":2,"name":"Sk\u00f6vde"}]},{"@type":"WebSite","@id":"https:\/\/toveksbil.se\/lastbilar\/#website","url":"https:\/\/toveksbil.se\/lastbilar\/","name":"Toveks Bil","description":"Hela v\u00e4gen","potentialAction":[{"@type":"SearchAction","target":{"@type":"EntryPoint","urlTemplate":"https:\/\/toveksbil.se\/lastbilar\/?s={search_term_string}"},"query-input":{"@type":"PropertyValueSpecification","valueRequired":true,"valueName":"search_term_string"}}],"inLanguage":"sv-SE"}]}},"_links":{"self":[{"href":"https:\/\/toveksbil.se\/lastbilar\/wp-json\/wp\/v2\/pages\/525","targetHints":{"allow":["GET"]}}],"collection":[{"href":"https:\/\/toveksbil.se\/lastbilar\/wp-json\/wp\/v2\/pages"}],"about":[{"href":"https:\/\/toveksbil.se\/lastbilar\/wp-json\/wp\/v2\/types\/page"}],"author":[{"embeddable":true,"href":"https:\/\/toveksbil.se\/lastbilar\/wp-json\/wp\/v2\/users\/1"}],"replies":[{"embeddable":true,"href":"https:\/\/toveksbil.se\/lastbilar\/wp-json\/wp\/v2\/comments?post=525"}],"version-history":[{"count":207,"href":"https:\/\/toveksbil.se\/lastbilar\/wp-json\/wp\/v2\/pages\/525\/revisions"}],"predecessor-version":[{"id":9148,"href":"https:\/\/toveksbil.se\/lastbilar\/wp-json\/wp\/v2\/pages\/525\/revisions\/9148"}],"wp:attachment":[{"href":"https:\/\/toveksbil.se\/lastbilar\/wp-json\/wp\/v2\/media?parent=525"}],"curies":[{"name":"wp","href":"https:\/\/api.w.org\/{rel}","templated":true}]}}