{"id":5842,"date":"2018-04-19T13:54:29","date_gmt":"2018-04-19T11:54:29","guid":{"rendered":"http:\/\/toveksbil.se\/lastbilardev\/?page_id=5842"},"modified":"2021-10-15T15:41:24","modified_gmt":"2021-10-15T13:41:24","slug":"fardskrivartjanster","status":"publish","type":"page","link":"https:\/\/toveksbil.se\/lastbilar\/fardskrivartjanster\/","title":{"rendered":"F\u00e4rdskrivartj\u00e4nster"},"content":{"rendered":"<div class=\"wpb-content-wrapper\"><p>[vc_row][vc_column width=&#8221;5\/6&#8243;][vc_column_text]<\/p>\n<h1>F\u00e4rdskrivartj\u00e4nster<\/h1>\n<p>Med Scanias f\u00e4rdskrivartj\u00e4nster f\u00e5r du en inblick i f\u00f6rar- och fordonsaktiviteter. V\u00e5ra tydliga och anv\u00e4ndbara rapporter hj\u00e4lper dig att maximera fordonstillg\u00e4ngligheten, underl\u00e4tta regelefterlevnaden och uppfylla h\u00e4lso- och s\u00e4kerhetskrav. Informationen finns tillg\u00e4nglig i Scanias f\u00e4rdskrivarportal dygnet runt och p\u00e5minnelser skickas per automatik ut om data inte blivit kopierat.[\/vc_column_text][\/vc_column][vc_column width=&#8221;1\/6&#8243;][\/vc_column][\/vc_row][vc_row][vc_column width=&#8221;1\/3&#8243;][vc_column_text]<\/p>\n<h2><img fetchpriority=\"high\" decoding=\"async\" class=\"alignnone size-full wp-image-6318\" src=\"https:\/\/toveksbil.se\/lastbilar\/wp-content\/uploads\/2018\/05\/shutterstock_436378093.png\" alt=\"\" width=\"700\" height=\"467\" srcset=\"https:\/\/toveksbil.se\/lastbilar\/wp-content\/uploads\/2018\/05\/shutterstock_436378093.png 700w, https:\/\/toveksbil.se\/lastbilar\/wp-content\/uploads\/2018\/05\/shutterstock_436378093-300x200.png 300w, https:\/\/toveksbil.se\/lastbilar\/wp-content\/uploads\/2018\/05\/shutterstock_436378093-457x304.png 457w\" sizes=\"(max-width: 700px) 100vw, 700px\" \/><\/h2>\n<h2>Samla in detaljerad information<\/h2>\n<p>Du f\u00e5r tillg\u00e5ng till detaljerade rapporter och kalendrar som visar n\u00e4r nedladdningar senast m\u00e5ste g\u00f6ras, om f\u00f6rarkort beh\u00f6ver f\u00f6rnyas och mycket mer.[\/vc_column_text][\/vc_column][vc_column width=&#8221;1\/3&#8243;][vc_column_text]<\/p>\n<h2 class=\"c-tiled-display-title upwards\"><img decoding=\"async\" class=\"alignnone wp-image-6320 size-full\" src=\"https:\/\/toveksbil.se\/lastbilar\/wp-content\/uploads\/2018\/05\/shutterstock_1007598676.png\" alt=\"\" width=\"700\" height=\"467\" srcset=\"https:\/\/toveksbil.se\/lastbilar\/wp-content\/uploads\/2018\/05\/shutterstock_1007598676.png 700w, https:\/\/toveksbil.se\/lastbilar\/wp-content\/uploads\/2018\/05\/shutterstock_1007598676-300x200.png 300w, https:\/\/toveksbil.se\/lastbilar\/wp-content\/uploads\/2018\/05\/shutterstock_1007598676-457x304.png 457w\" sizes=\"(max-width: 700px) 100vw, 700px\" \/><\/h2>\n<h2 class=\"c-tiled-display-title upwards\">Granska f\u00f6raraktiviteten<\/h2>\n<p>Scania F\u00e4rdskrivarportal skapar tydliga rapporter som ger dig en inblick i f\u00f6rarnas arbetsrutiner. Det \u00e4r ett viktigt verktyg f\u00f6r att optimera produktiviteten.[\/vc_column_text][\/vc_column][vc_column width=&#8221;1\/3&#8243;][vc_column_text]<\/p>\n<h2><img decoding=\"async\" class=\"alignnone wp-image-6321 size-full\" src=\"https:\/\/toveksbil.se\/lastbilar\/wp-content\/uploads\/2018\/05\/shutterstock_719128612.png\" alt=\"\" width=\"700\" height=\"467\" srcset=\"https:\/\/toveksbil.se\/lastbilar\/wp-content\/uploads\/2018\/05\/shutterstock_719128612.png 700w, https:\/\/toveksbil.se\/lastbilar\/wp-content\/uploads\/2018\/05\/shutterstock_719128612-300x200.png 300w, https:\/\/toveksbil.se\/lastbilar\/wp-content\/uploads\/2018\/05\/shutterstock_719128612-457x304.png 457w\" sizes=\"(max-width: 700px) 100vw, 700px\" \/><\/h2>\n<h2>Kom \u00e5t din data \u00f6verallt<\/h2>\n<p>Allt du beh\u00f6ver f\u00f6r att h\u00e4mta dina fordonsparksrapporter \u00e4r en dator och en internetuppkoppling.[\/vc_column_text][\/vc_column][\/vc_row][vc_row][vc_column offset=&#8221;vc_hidden-md vc_hidden-sm vc_hidden-xs&#8221;][vc_empty_space][\/vc_column][\/vc_row][vc_row][vc_column][vc_column_text]<\/p>\n<p style=\"text-align: left;\">Logga in h\u00e4r f\u00f6r att komma \u00e5t dina data och rapporter p\u00e5 Scania F\u00e4rdskrivarportal.<\/p>\n<p>[\/vc_column_text][vc_btn title=&#8221;Logga in p\u00e5 portalen&#8221; style=&#8221;flat&#8221; shape=&#8221;square&#8221; color=&#8221;black&#8221; align=&#8221;left&#8221; link=&#8221;url:https%3A%2F%2Fdigi.scania.com%2FCustomerPortal%2FLogOn.aspx%3FReturnUrl%3D%252fCustomerPortal%252f||target:%20_blank|&#8221;][vc_column_text]<\/p>\n<hr \/>\n<h2>Kontakt<\/h2>\n<p>[\/vc_column_text][\/vc_column][\/vc_row][vc_row][vc_column width=&#8221;1\/4&#8243;][vc_column_text]<img loading=\"lazy\" decoding=\"async\" class=\"alignnone size-medium wp-image-5477\" src=\"https:\/\/toveksbil.se\/lastbilar\/wp-content\/uploads\/2018\/04\/Bengt-Bj\u00f6rk-227x300.jpg\" alt=\"\" width=\"227\" height=\"300\" srcset=\"https:\/\/toveksbil.se\/lastbilar\/wp-content\/uploads\/2018\/04\/Bengt-Bj\u00f6rk-227x300.jpg 227w, https:\/\/toveksbil.se\/lastbilar\/wp-content\/uploads\/2018\/04\/Bengt-Bj\u00f6rk.jpg 300w\" sizes=\"(max-width: 227px) 100vw, 227px\" \/><\/p>\n<p><strong>Bengt Bj\u00f6rk<\/strong><br \/>\n<em>Serviceavtalss\u00e4ljare<\/em><br \/>\n<a href=\"tel:0500-427909\">0500-427909<\/a><br \/>\n<a href=\"mailto:bengt.bjork@toveksbil.se\">bengt.bjork@toveksbil.se<\/a>[\/vc_column_text][\/vc_column][vc_column width=&#8221;1\/4&#8243;][vc_column_text]<img loading=\"lazy\" decoding=\"async\" class=\"alignnone wp-image-7680 size-medium\" src=\"http:\/\/toveksbil.se\/lastbilar\/wp-content\/uploads\/2021\/10\/Magnus-Wallin-227x300.jpg\" alt=\"Magnus Wallin\" width=\"227\" height=\"300\" srcset=\"https:\/\/toveksbil.se\/lastbilar\/wp-content\/uploads\/2021\/10\/Magnus-Wallin-227x300.jpg 227w, https:\/\/toveksbil.se\/lastbilar\/wp-content\/uploads\/2021\/10\/Magnus-Wallin.jpg 300w\" sizes=\"(max-width: 227px) 100vw, 227px\" \/><\/p>\n<p><strong>Magnus Wallin<\/strong><br \/>\n<em>Serviceavtalss\u00e4ljare<\/em><br \/>\n<a href=\"tel:0500-783941\">0500-783941<\/a><br \/>\n<a href=\"mailto:magnus.wallin@toveksbil.se\">magnus.wallin@toveksbil.se<\/a>[\/vc_column_text][\/vc_column][vc_column width=&#8221;1\/4&#8243;][\/vc_column][vc_column width=&#8221;1\/4&#8243;][\/vc_column][\/vc_row]<\/p>\n<\/div>","protected":false},"excerpt":{"rendered":"<p>[vc_row][vc_column width=&#8221;5\/6&#8243;][vc_column_text] F\u00e4rdskrivartj\u00e4nster Med Scanias f\u00e4rdskrivartj\u00e4nster f\u00e5r du en inblick i f\u00f6rar- och fordonsaktiviteter. V\u00e5ra tydliga och anv\u00e4ndbara rapporter hj\u00e4lper dig att maximera fordonstillg\u00e4ngligheten, underl\u00e4tta regelefterlevnaden och uppfylla h\u00e4lso- och s\u00e4kerhetskrav. Informationen finns tillg\u00e4nglig i Scanias f\u00e4rdskrivarportal dygnet runt och p\u00e5minnelser skickas per automatik ut om data inte blivit kopierat.[\/vc_column_text][\/vc_column][vc_column width=&#8221;1\/6&#8243;][\/vc_column][\/vc_row][vc_row][vc_column width=&#8221;1\/3&#8243;][vc_column_text] Samla in detaljerad [&hellip;]<\/p>\n","protected":false},"author":1,"featured_media":0,"parent":0,"menu_order":0,"comment_status":"closed","ping_status":"closed","template":"templates\/Reservdelar.php","meta":{"_acf_changed":false,"_exactmetrics_skip_tracking":false,"_exactmetrics_sitenote_active":false,"_exactmetrics_sitenote_note":"","_exactmetrics_sitenote_category":0,"footnotes":""},"class_list":["post-5842","page","type-page","status-publish","hentry"],"acf":[],"yoast_head":"<!-- This site is optimized with the Yoast SEO plugin v27.2 - https:\/\/yoast.com\/product\/yoast-seo-wordpress\/ -->\n<title>F\u00e4rdskrivartj\u00e4nster, F\u00e4rdskrivare, Scania - Toveks Lastbilar<\/title>\n<meta name=\"description\" content=\"F\u00e4rdskrivartj\u00e4nster Med Scanias f\u00e4rdskrivartj\u00e4nster f\u00e5r du en inblick i f\u00f6rar- och fordonsaktiviteter. V\u00e5ra tydliga och anv\u00e4ndbara rapporter hj\u00e4lper dig att maximera fordonstillg\u00e4ngligheten, underl\u00e4tta regelefterlevnaden och uppfylla h\u00e4lso- och s\u00e4kerhetskrav.\" \/>\n<meta name=\"robots\" content=\"index, follow, max-snippet:-1, max-image-preview:large, max-video-preview:-1\" \/>\n<link rel=\"canonical\" href=\"https:\/\/toveksbil.se\/lastbilar\/fardskrivartjanster\/\" \/>\n<meta name=\"twitter:card\" content=\"summary_large_image\" \/>\n<meta name=\"twitter:title\" content=\"F\u00e4rdskrivartj\u00e4nster, F\u00e4rdskrivare, Scania - Toveks Lastbilar\" \/>\n<meta name=\"twitter:description\" content=\"F\u00e4rdskrivartj\u00e4nster Med Scanias f\u00e4rdskrivartj\u00e4nster f\u00e5r du en inblick i f\u00f6rar- och fordonsaktiviteter. V\u00e5ra tydliga och anv\u00e4ndbara rapporter hj\u00e4lper dig att maximera fordonstillg\u00e4ngligheten, underl\u00e4tta regelefterlevnaden och uppfylla h\u00e4lso- och s\u00e4kerhetskrav.\" \/>\n<meta name=\"twitter:image\" content=\"https:\/\/toveksbil.se\/lastbilar\/wp-content\/uploads\/2018\/05\/shutterstock_436378093.png\" \/>\n<meta name=\"twitter:label1\" content=\"Ber\u00e4knad l\u00e4stid\" \/>\n\t<meta name=\"twitter:data1\" content=\"2 minuter\" \/>\n<script type=\"application\/ld+json\" class=\"yoast-schema-graph\">{\"@context\":\"https:\/\/schema.org\",\"@graph\":[{\"@type\":\"WebPage\",\"@id\":\"https:\/\/toveksbil.se\/lastbilar\/fardskrivartjanster\/\",\"url\":\"https:\/\/toveksbil.se\/lastbilar\/fardskrivartjanster\/\",\"name\":\"F\u00e4rdskrivartj\u00e4nster, F\u00e4rdskrivare, Scania - Toveks Lastbilar\",\"isPartOf\":{\"@id\":\"https:\/\/toveksbil.se\/lastbilar\/#website\"},\"primaryImageOfPage\":{\"@id\":\"https:\/\/toveksbil.se\/lastbilar\/fardskrivartjanster\/#primaryimage\"},\"image\":{\"@id\":\"https:\/\/toveksbil.se\/lastbilar\/fardskrivartjanster\/#primaryimage\"},\"thumbnailUrl\":\"https:\/\/toveksbil.se\/lastbilar\/wp-content\/uploads\/2018\/05\/shutterstock_436378093.png\",\"datePublished\":\"2018-04-19T11:54:29+00:00\",\"dateModified\":\"2021-10-15T13:41:24+00:00\",\"description\":\"F\u00e4rdskrivartj\u00e4nster Med Scanias f\u00e4rdskrivartj\u00e4nster f\u00e5r du en inblick i f\u00f6rar- och fordonsaktiviteter. V\u00e5ra tydliga och anv\u00e4ndbara rapporter hj\u00e4lper dig att maximera fordonstillg\u00e4ngligheten, underl\u00e4tta regelefterlevnaden och uppfylla h\u00e4lso- och s\u00e4kerhetskrav.\",\"breadcrumb\":{\"@id\":\"https:\/\/toveksbil.se\/lastbilar\/fardskrivartjanster\/#breadcrumb\"},\"inLanguage\":\"sv-SE\",\"potentialAction\":[{\"@type\":\"ReadAction\",\"target\":[\"https:\/\/toveksbil.se\/lastbilar\/fardskrivartjanster\/\"]}]},{\"@type\":\"ImageObject\",\"inLanguage\":\"sv-SE\",\"@id\":\"https:\/\/toveksbil.se\/lastbilar\/fardskrivartjanster\/#primaryimage\",\"url\":\"https:\/\/toveksbil.se\/lastbilar\/wp-content\/uploads\/2018\/05\/shutterstock_436378093.png\",\"contentUrl\":\"https:\/\/toveksbil.se\/lastbilar\/wp-content\/uploads\/2018\/05\/shutterstock_436378093.png\",\"width\":\"700\",\"height\":\"467\"},{\"@type\":\"BreadcrumbList\",\"@id\":\"https:\/\/toveksbil.se\/lastbilar\/fardskrivartjanster\/#breadcrumb\",\"itemListElement\":[{\"@type\":\"ListItem\",\"position\":1,\"name\":\"Hem\",\"item\":\"https:\/\/toveksbil.se\/lastbilar\/\"},{\"@type\":\"ListItem\",\"position\":2,\"name\":\"F\u00e4rdskrivartj\u00e4nster\"}]},{\"@type\":\"WebSite\",\"@id\":\"https:\/\/toveksbil.se\/lastbilar\/#website\",\"url\":\"https:\/\/toveksbil.se\/lastbilar\/\",\"name\":\"Toveks Bil\",\"description\":\"Hela v\u00e4gen\",\"potentialAction\":[{\"@type\":\"SearchAction\",\"target\":{\"@type\":\"EntryPoint\",\"urlTemplate\":\"https:\/\/toveksbil.se\/lastbilar\/?s={search_term_string}\"},\"query-input\":{\"@type\":\"PropertyValueSpecification\",\"valueRequired\":true,\"valueName\":\"search_term_string\"}}],\"inLanguage\":\"sv-SE\"}]}<\/script>\n<!-- \/ Yoast SEO plugin. -->","yoast_head_json":{"title":"F\u00e4rdskrivartj\u00e4nster, F\u00e4rdskrivare, Scania - Toveks Lastbilar","description":"F\u00e4rdskrivartj\u00e4nster Med Scanias f\u00e4rdskrivartj\u00e4nster f\u00e5r du en inblick i f\u00f6rar- och fordonsaktiviteter. V\u00e5ra tydliga och anv\u00e4ndbara rapporter hj\u00e4lper dig att maximera fordonstillg\u00e4ngligheten, underl\u00e4tta regelefterlevnaden och uppfylla h\u00e4lso- och s\u00e4kerhetskrav.","robots":{"index":"index","follow":"follow","max-snippet":"max-snippet:-1","max-image-preview":"max-image-preview:large","max-video-preview":"max-video-preview:-1"},"canonical":"https:\/\/toveksbil.se\/lastbilar\/fardskrivartjanster\/","twitter_card":"summary_large_image","twitter_title":"F\u00e4rdskrivartj\u00e4nster, F\u00e4rdskrivare, Scania - Toveks Lastbilar","twitter_description":"F\u00e4rdskrivartj\u00e4nster Med Scanias f\u00e4rdskrivartj\u00e4nster f\u00e5r du en inblick i f\u00f6rar- och fordonsaktiviteter. V\u00e5ra tydliga och anv\u00e4ndbara rapporter hj\u00e4lper dig att maximera fordonstillg\u00e4ngligheten, underl\u00e4tta regelefterlevnaden och uppfylla h\u00e4lso- och s\u00e4kerhetskrav.","twitter_image":"https:\/\/toveksbil.se\/lastbilar\/wp-content\/uploads\/2018\/05\/shutterstock_436378093.png","twitter_misc":{"Ber\u00e4knad l\u00e4stid":"2 minuter"},"schema":{"@context":"https:\/\/schema.org","@graph":[{"@type":"WebPage","@id":"https:\/\/toveksbil.se\/lastbilar\/fardskrivartjanster\/","url":"https:\/\/toveksbil.se\/lastbilar\/fardskrivartjanster\/","name":"F\u00e4rdskrivartj\u00e4nster, F\u00e4rdskrivare, Scania - Toveks Lastbilar","isPartOf":{"@id":"https:\/\/toveksbil.se\/lastbilar\/#website"},"primaryImageOfPage":{"@id":"https:\/\/toveksbil.se\/lastbilar\/fardskrivartjanster\/#primaryimage"},"image":{"@id":"https:\/\/toveksbil.se\/lastbilar\/fardskrivartjanster\/#primaryimage"},"thumbnailUrl":"https:\/\/toveksbil.se\/lastbilar\/wp-content\/uploads\/2018\/05\/shutterstock_436378093.png","datePublished":"2018-04-19T11:54:29+00:00","dateModified":"2021-10-15T13:41:24+00:00","description":"F\u00e4rdskrivartj\u00e4nster Med Scanias f\u00e4rdskrivartj\u00e4nster f\u00e5r du en inblick i f\u00f6rar- och fordonsaktiviteter. V\u00e5ra tydliga och anv\u00e4ndbara rapporter hj\u00e4lper dig att maximera fordonstillg\u00e4ngligheten, underl\u00e4tta regelefterlevnaden och uppfylla h\u00e4lso- och s\u00e4kerhetskrav.","breadcrumb":{"@id":"https:\/\/toveksbil.se\/lastbilar\/fardskrivartjanster\/#breadcrumb"},"inLanguage":"sv-SE","potentialAction":[{"@type":"ReadAction","target":["https:\/\/toveksbil.se\/lastbilar\/fardskrivartjanster\/"]}]},{"@type":"ImageObject","inLanguage":"sv-SE","@id":"https:\/\/toveksbil.se\/lastbilar\/fardskrivartjanster\/#primaryimage","url":"https:\/\/toveksbil.se\/lastbilar\/wp-content\/uploads\/2018\/05\/shutterstock_436378093.png","contentUrl":"https:\/\/toveksbil.se\/lastbilar\/wp-content\/uploads\/2018\/05\/shutterstock_436378093.png","width":"700","height":"467"},{"@type":"BreadcrumbList","@id":"https:\/\/toveksbil.se\/lastbilar\/fardskrivartjanster\/#breadcrumb","itemListElement":[{"@type":"ListItem","position":1,"name":"Hem","item":"https:\/\/toveksbil.se\/lastbilar\/"},{"@type":"ListItem","position":2,"name":"F\u00e4rdskrivartj\u00e4nster"}]},{"@type":"WebSite","@id":"https:\/\/toveksbil.se\/lastbilar\/#website","url":"https:\/\/toveksbil.se\/lastbilar\/","name":"Toveks Bil","description":"Hela v\u00e4gen","potentialAction":[{"@type":"SearchAction","target":{"@type":"EntryPoint","urlTemplate":"https:\/\/toveksbil.se\/lastbilar\/?s={search_term_string}"},"query-input":{"@type":"PropertyValueSpecification","valueRequired":true,"valueName":"search_term_string"}}],"inLanguage":"sv-SE"}]}},"_links":{"self":[{"href":"https:\/\/toveksbil.se\/lastbilar\/wp-json\/wp\/v2\/pages\/5842","targetHints":{"allow":["GET"]}}],"collection":[{"href":"https:\/\/toveksbil.se\/lastbilar\/wp-json\/wp\/v2\/pages"}],"about":[{"href":"https:\/\/toveksbil.se\/lastbilar\/wp-json\/wp\/v2\/types\/page"}],"author":[{"embeddable":true,"href":"https:\/\/toveksbil.se\/lastbilar\/wp-json\/wp\/v2\/users\/1"}],"replies":[{"embeddable":true,"href":"https:\/\/toveksbil.se\/lastbilar\/wp-json\/wp\/v2\/comments?post=5842"}],"version-history":[{"count":31,"href":"https:\/\/toveksbil.se\/lastbilar\/wp-json\/wp\/v2\/pages\/5842\/revisions"}],"predecessor-version":[{"id":7693,"href":"https:\/\/toveksbil.se\/lastbilar\/wp-json\/wp\/v2\/pages\/5842\/revisions\/7693"}],"wp:attachment":[{"href":"https:\/\/toveksbil.se\/lastbilar\/wp-json\/wp\/v2\/media?parent=5842"}],"curies":[{"name":"wp","href":"https:\/\/api.w.org\/{rel}","templated":true}]}}