{"id":6122,"date":"2018-05-16T14:01:13","date_gmt":"2018-05-16T12:01:13","guid":{"rendered":"http:\/\/toveksbil.se\/lastbilardev\/?page_id=6122"},"modified":"2018-12-05T14:14:46","modified_gmt":"2018-12-05T13:14:46","slug":"reservdelar-tillbehoren","status":"publish","type":"page","link":"https:\/\/toveksbil.se\/lastbilar\/reservdelar-tillbehor\/","title":{"rendered":"Reservdelar &#038; tillbeh\u00f6r"},"content":{"rendered":"<div class=\"wpb-content-wrapper\"><p>[vc_row][vc_column][vc_empty_space][\/vc_column][\/vc_row][vc_row][vc_column width=&#8221;2\/3&#8243;][vc_column_text]<\/p>\n<h1>Reservdelar &amp; tillbeh\u00f6r<\/h1>\n<p>Scania konstruerar v\u00e5ra delar f\u00f6r ultimat prestanda, uth\u00e5llighet, br\u00e4nsleekonomi och s\u00e4kerhet. V\u00e5ra experter identifierar och ordnar snabbt fram de delar du beh\u00f6ver. Vi ser alltid till att reservdelar fr\u00e5n Scania finns tillg\u00e4ngliga f\u00f6r snabb leverans.<\/p>\n<h2><strong>Scania originalreservdelar<\/strong><\/h2>\n<p>N\u00e4r du v\u00e4ljer originalreservdelar kan du vara s\u00e4ker p\u00e5 att du f\u00e5r valuta f\u00f6r pengarna. Scania satsar alltid stora resurser p\u00e5 teknisk utveckling och tester av produkter f\u00f6r att s\u00e4kerst\u00e4lla en l\u00e5ng livsl\u00e4ngd och drifts\u00e4kerhet. Kombinationen av den h\u00f6ga tillg\u00e4ngligheten f\u00f6r Scania reservdelar och v\u00e5r verkstadspersonals yrkeskunnande och erfarenhet bidrar till att h\u00f6ja produktiviteten och vinsten i er verksamhet.<\/p>\n<p>[\/vc_column_text][\/vc_column][vc_column width=&#8221;1\/3&#8243;][vc_empty_space][vc_column_text]<\/p>\n<p style=\"text-align: center;\"><a href=\"https:\/\/toveksbil.se\/lastbilar\/reservdelar-kontakt\/\"><img decoding=\"async\" class=\"alignnone wp-image-6390\" src=\"https:\/\/toveksbil.se\/lastbilar\/wp-content\/uploads\/2018\/05\/Telefon-150x150.png\" alt=\"\" width=\"70\" height=\"70\" \/><\/a><\/p>\n<h5 style=\"text-align: center;\"><a href=\"https:\/\/toveksbil.se\/lastbilar\/reservdelar-kontakt\/\">Best\u00e4ll h\u00e4r<\/a><\/h5>\n<p>[\/vc_column_text][\/vc_column][\/vc_row][vc_row][vc_column][\/vc_column][\/vc_row][vc_row][vc_column][vc_empty_space][vc_empty_space][\/vc_column][\/vc_row]<\/p>\n<\/div>","protected":false},"excerpt":{"rendered":"<p>[vc_row][vc_column][vc_empty_space][\/vc_column][\/vc_row][vc_row][vc_column width=&#8221;2\/3&#8243;][vc_column_text] Reservdelar &amp; tillbeh\u00f6r Scania konstruerar v\u00e5ra delar f\u00f6r ultimat prestanda, uth\u00e5llighet, br\u00e4nsleekonomi och s\u00e4kerhet. V\u00e5ra experter identifierar och ordnar snabbt fram de delar du beh\u00f6ver. Vi ser alltid till att reservdelar fr\u00e5n Scania finns tillg\u00e4ngliga f\u00f6r snabb leverans. Scania originalreservdelar N\u00e4r du v\u00e4ljer originalreservdelar kan du vara s\u00e4ker p\u00e5 att du f\u00e5r valuta [&hellip;]<\/p>\n","protected":false},"author":1,"featured_media":0,"parent":0,"menu_order":0,"comment_status":"closed","ping_status":"closed","template":"templates\/Dackofalg.php","meta":{"_acf_changed":false,"_exactmetrics_skip_tracking":false,"_exactmetrics_sitenote_active":false,"_exactmetrics_sitenote_note":"","_exactmetrics_sitenote_category":0,"footnotes":""},"class_list":["post-6122","page","type-page","status-publish","hentry"],"acf":[],"yoast_head":"<!-- This site is optimized with the Yoast SEO plugin v27.2 - https:\/\/yoast.com\/product\/yoast-seo-wordpress\/ -->\n<title>Scania reservdelar &amp; tillbeh\u00f6r med kvalit\u00e9 - Toveks Lastbilar<\/title>\n<meta name=\"description\" content=\"Reservdelar &amp; tillbeh\u00f6r Scania konstruerar v\u00e5ra delar f\u00f6r ultimat prestanda, uth\u00e5llighet, br\u00e4nsleekonomi och s\u00e4kerhet. V\u00e5ra experter identifierar och ordnar snabbt fram de delar du beh\u00f6ver. Vi ser alltid till att reservdelar fr\u00e5n Scania finns tillg\u00e4ngliga f\u00f6r snabb leverans.\" \/>\n<meta name=\"robots\" content=\"index, follow, max-snippet:-1, max-image-preview:large, max-video-preview:-1\" \/>\n<link rel=\"canonical\" href=\"https:\/\/toveksbil.se\/lastbilar\/reservdelar-tillbehor\/\" \/>\n<meta name=\"twitter:card\" content=\"summary_large_image\" \/>\n<meta name=\"twitter:title\" content=\"Scania reservdelar &amp; tillbeh\u00f6r med kvalit\u00e9 - Toveks Lastbilar\" \/>\n<meta name=\"twitter:description\" content=\"Reservdelar &amp; tillbeh\u00f6r Scania konstruerar v\u00e5ra delar f\u00f6r ultimat prestanda, uth\u00e5llighet, br\u00e4nsleekonomi och s\u00e4kerhet. V\u00e5ra experter identifierar och ordnar snabbt fram de delar du beh\u00f6ver. Vi ser alltid till att reservdelar fr\u00e5n Scania finns tillg\u00e4ngliga f\u00f6r snabb leverans.\" \/>\n<meta name=\"twitter:image\" content=\"https:\/\/toveksbil.se\/lastbilar\/wp-content\/uploads\/2018\/05\/Telefon-150x150.png\" \/>\n<meta name=\"twitter:label1\" content=\"Ber\u00e4knad l\u00e4stid\" \/>\n\t<meta name=\"twitter:data1\" content=\"1 minut\" \/>\n<script type=\"application\/ld+json\" class=\"yoast-schema-graph\">{\"@context\":\"https:\/\/schema.org\",\"@graph\":[{\"@type\":\"WebPage\",\"@id\":\"https:\/\/toveksbil.se\/lastbilar\/reservdelar-tillbehor\/\",\"url\":\"https:\/\/toveksbil.se\/lastbilar\/reservdelar-tillbehor\/\",\"name\":\"Scania reservdelar & tillbeh\u00f6r med kvalit\u00e9 - Toveks Lastbilar\",\"isPartOf\":{\"@id\":\"https:\/\/toveksbil.se\/lastbilar\/#website\"},\"primaryImageOfPage\":{\"@id\":\"https:\/\/toveksbil.se\/lastbilar\/reservdelar-tillbehor\/#primaryimage\"},\"image\":{\"@id\":\"https:\/\/toveksbil.se\/lastbilar\/reservdelar-tillbehor\/#primaryimage\"},\"thumbnailUrl\":\"https:\/\/toveksbil.se\/lastbilar\/wp-content\/uploads\/2018\/05\/Telefon-150x150.png\",\"datePublished\":\"2018-05-16T12:01:13+00:00\",\"dateModified\":\"2018-12-05T13:14:46+00:00\",\"description\":\"Reservdelar & tillbeh\u00f6r Scania konstruerar v\u00e5ra delar f\u00f6r ultimat prestanda, uth\u00e5llighet, br\u00e4nsleekonomi och s\u00e4kerhet. V\u00e5ra experter identifierar och ordnar snabbt fram de delar du beh\u00f6ver. Vi ser alltid till att reservdelar fr\u00e5n Scania finns tillg\u00e4ngliga f\u00f6r snabb leverans.\",\"breadcrumb\":{\"@id\":\"https:\/\/toveksbil.se\/lastbilar\/reservdelar-tillbehor\/#breadcrumb\"},\"inLanguage\":\"sv-SE\",\"potentialAction\":[{\"@type\":\"ReadAction\",\"target\":[\"https:\/\/toveksbil.se\/lastbilar\/reservdelar-tillbehor\/\"]}]},{\"@type\":\"ImageObject\",\"inLanguage\":\"sv-SE\",\"@id\":\"https:\/\/toveksbil.se\/lastbilar\/reservdelar-tillbehor\/#primaryimage\",\"url\":\"https:\/\/toveksbil.se\/lastbilar\/wp-content\/uploads\/2018\/05\/Telefon-150x150.png\",\"contentUrl\":\"https:\/\/toveksbil.se\/lastbilar\/wp-content\/uploads\/2018\/05\/Telefon-150x150.png\"},{\"@type\":\"BreadcrumbList\",\"@id\":\"https:\/\/toveksbil.se\/lastbilar\/reservdelar-tillbehor\/#breadcrumb\",\"itemListElement\":[{\"@type\":\"ListItem\",\"position\":1,\"name\":\"Hem\",\"item\":\"https:\/\/toveksbil.se\/lastbilar\/\"},{\"@type\":\"ListItem\",\"position\":2,\"name\":\"Reservdelar &#038; tillbeh\u00f6r\"}]},{\"@type\":\"WebSite\",\"@id\":\"https:\/\/toveksbil.se\/lastbilar\/#website\",\"url\":\"https:\/\/toveksbil.se\/lastbilar\/\",\"name\":\"Toveks Bil\",\"description\":\"Hela v\u00e4gen\",\"potentialAction\":[{\"@type\":\"SearchAction\",\"target\":{\"@type\":\"EntryPoint\",\"urlTemplate\":\"https:\/\/toveksbil.se\/lastbilar\/?s={search_term_string}\"},\"query-input\":{\"@type\":\"PropertyValueSpecification\",\"valueRequired\":true,\"valueName\":\"search_term_string\"}}],\"inLanguage\":\"sv-SE\"}]}<\/script>\n<!-- \/ Yoast SEO plugin. -->","yoast_head_json":{"title":"Scania reservdelar & tillbeh\u00f6r med kvalit\u00e9 - Toveks Lastbilar","description":"Reservdelar & tillbeh\u00f6r Scania konstruerar v\u00e5ra delar f\u00f6r ultimat prestanda, uth\u00e5llighet, br\u00e4nsleekonomi och s\u00e4kerhet. V\u00e5ra experter identifierar och ordnar snabbt fram de delar du beh\u00f6ver. Vi ser alltid till att reservdelar fr\u00e5n Scania finns tillg\u00e4ngliga f\u00f6r snabb leverans.","robots":{"index":"index","follow":"follow","max-snippet":"max-snippet:-1","max-image-preview":"max-image-preview:large","max-video-preview":"max-video-preview:-1"},"canonical":"https:\/\/toveksbil.se\/lastbilar\/reservdelar-tillbehor\/","twitter_card":"summary_large_image","twitter_title":"Scania reservdelar & tillbeh\u00f6r med kvalit\u00e9 - Toveks Lastbilar","twitter_description":"Reservdelar & tillbeh\u00f6r Scania konstruerar v\u00e5ra delar f\u00f6r ultimat prestanda, uth\u00e5llighet, br\u00e4nsleekonomi och s\u00e4kerhet. V\u00e5ra experter identifierar och ordnar snabbt fram de delar du beh\u00f6ver. Vi ser alltid till att reservdelar fr\u00e5n Scania finns tillg\u00e4ngliga f\u00f6r snabb leverans.","twitter_image":"https:\/\/toveksbil.se\/lastbilar\/wp-content\/uploads\/2018\/05\/Telefon-150x150.png","twitter_misc":{"Ber\u00e4knad l\u00e4stid":"1 minut"},"schema":{"@context":"https:\/\/schema.org","@graph":[{"@type":"WebPage","@id":"https:\/\/toveksbil.se\/lastbilar\/reservdelar-tillbehor\/","url":"https:\/\/toveksbil.se\/lastbilar\/reservdelar-tillbehor\/","name":"Scania reservdelar & tillbeh\u00f6r med kvalit\u00e9 - Toveks Lastbilar","isPartOf":{"@id":"https:\/\/toveksbil.se\/lastbilar\/#website"},"primaryImageOfPage":{"@id":"https:\/\/toveksbil.se\/lastbilar\/reservdelar-tillbehor\/#primaryimage"},"image":{"@id":"https:\/\/toveksbil.se\/lastbilar\/reservdelar-tillbehor\/#primaryimage"},"thumbnailUrl":"https:\/\/toveksbil.se\/lastbilar\/wp-content\/uploads\/2018\/05\/Telefon-150x150.png","datePublished":"2018-05-16T12:01:13+00:00","dateModified":"2018-12-05T13:14:46+00:00","description":"Reservdelar & tillbeh\u00f6r Scania konstruerar v\u00e5ra delar f\u00f6r ultimat prestanda, uth\u00e5llighet, br\u00e4nsleekonomi och s\u00e4kerhet. V\u00e5ra experter identifierar och ordnar snabbt fram de delar du beh\u00f6ver. Vi ser alltid till att reservdelar fr\u00e5n Scania finns tillg\u00e4ngliga f\u00f6r snabb leverans.","breadcrumb":{"@id":"https:\/\/toveksbil.se\/lastbilar\/reservdelar-tillbehor\/#breadcrumb"},"inLanguage":"sv-SE","potentialAction":[{"@type":"ReadAction","target":["https:\/\/toveksbil.se\/lastbilar\/reservdelar-tillbehor\/"]}]},{"@type":"ImageObject","inLanguage":"sv-SE","@id":"https:\/\/toveksbil.se\/lastbilar\/reservdelar-tillbehor\/#primaryimage","url":"https:\/\/toveksbil.se\/lastbilar\/wp-content\/uploads\/2018\/05\/Telefon-150x150.png","contentUrl":"https:\/\/toveksbil.se\/lastbilar\/wp-content\/uploads\/2018\/05\/Telefon-150x150.png"},{"@type":"BreadcrumbList","@id":"https:\/\/toveksbil.se\/lastbilar\/reservdelar-tillbehor\/#breadcrumb","itemListElement":[{"@type":"ListItem","position":1,"name":"Hem","item":"https:\/\/toveksbil.se\/lastbilar\/"},{"@type":"ListItem","position":2,"name":"Reservdelar &#038; tillbeh\u00f6r"}]},{"@type":"WebSite","@id":"https:\/\/toveksbil.se\/lastbilar\/#website","url":"https:\/\/toveksbil.se\/lastbilar\/","name":"Toveks Bil","description":"Hela v\u00e4gen","potentialAction":[{"@type":"SearchAction","target":{"@type":"EntryPoint","urlTemplate":"https:\/\/toveksbil.se\/lastbilar\/?s={search_term_string}"},"query-input":{"@type":"PropertyValueSpecification","valueRequired":true,"valueName":"search_term_string"}}],"inLanguage":"sv-SE"}]}},"_links":{"self":[{"href":"https:\/\/toveksbil.se\/lastbilar\/wp-json\/wp\/v2\/pages\/6122","targetHints":{"allow":["GET"]}}],"collection":[{"href":"https:\/\/toveksbil.se\/lastbilar\/wp-json\/wp\/v2\/pages"}],"about":[{"href":"https:\/\/toveksbil.se\/lastbilar\/wp-json\/wp\/v2\/types\/page"}],"author":[{"embeddable":true,"href":"https:\/\/toveksbil.se\/lastbilar\/wp-json\/wp\/v2\/users\/1"}],"replies":[{"embeddable":true,"href":"https:\/\/toveksbil.se\/lastbilar\/wp-json\/wp\/v2\/comments?post=6122"}],"version-history":[{"count":27,"href":"https:\/\/toveksbil.se\/lastbilar\/wp-json\/wp\/v2\/pages\/6122\/revisions"}],"predecessor-version":[{"id":6466,"href":"https:\/\/toveksbil.se\/lastbilar\/wp-json\/wp\/v2\/pages\/6122\/revisions\/6466"}],"wp:attachment":[{"href":"https:\/\/toveksbil.se\/lastbilar\/wp-json\/wp\/v2\/media?parent=6122"}],"curies":[{"name":"wp","href":"https:\/\/api.w.org\/{rel}","templated":true}]}}