{"id":6134,"date":"2018-05-16T15:44:32","date_gmt":"2018-05-16T13:44:32","guid":{"rendered":"http:\/\/toveksbil.se\/lastbilardev\/?page_id=6134"},"modified":"2019-12-05T08:40:59","modified_gmt":"2019-12-05T07:40:59","slug":"vrs-veicle-related-service","status":"publish","type":"page","link":"https:\/\/toveksbil.se\/lastbilar\/vrs-vehicle-related-service\/","title":{"rendered":"VRS &#8211; Vehicle Related Service"},"content":{"rendered":"<div class=\"wpb-content-wrapper\"><p>[vc_row][vc_column width=&#8221;5\/6&#8243;][vc_column_text]<\/p>\n<h1>VRS &#8211; Vehicle Related Service<\/h1>\n<p>Scanias verkst\u00e4der har alla f\u00e4rdigheter och tj\u00e4nster som beh\u00f6vs f\u00f6r dina sl\u00e4p och p\u00e5byggnationer. Vi tar hand om hela ditt fordon, fr\u00e5n dedikerad expertis till kvalitet p\u00e5 reservdelar, vilket garanterar minimalt stillest\u00e5nd, var du \u00e4n befinner dig.<\/p>\n<p>Scania satsar mycket brett med originaldelar f\u00f6r sl\u00e4p och p\u00e5byggnationer och har lagerf\u00f6rt \u00f6ver 21.500 artiklar vid v\u00e5ra lager i Sverige och Belgien.<\/p>\n<p>Om du har en egen verkstad g\u00e5r det utm\u00e4rkt att best\u00e4lla \u00e4ven dessa produkter p\u00e5 samma s\u00e4tt som du best\u00e4ller dina Scania originaldelar. Du f\u00e5r dem sedan kostnadsfritt levererade till din n\u00e4rmaste Scania Verkstad.<\/p>\n<p>Vi har ett mycket brett samarbete med branschens stora akt\u00f6rer p\u00e5 bl.a. sl\u00e4p och p\u00e5byggnationer. Bland leverant\u00f6rerna kan n\u00e4mnas, Zepro, SAF-Holland, VBG, JOAB och BPW.<\/p>\n<p>P\u00e5 VRS sidan har du m\u00f6jlighet att via mobil, dator eller surfplatta sj\u00e4lv s\u00f6ka de komponenter och delar som du beh\u00f6ver. Du kan sedan enkelt l\u00e4gga till dessa i en ink\u00f6pslista som du antingen mailar till oss eller l\u00e4mnar in vid ett bes\u00f6k. \u00a0Du kan s\u00f6ka delar p\u00e5 antigens tillverkarens eller p\u00e5 Scanias artikelnummer. Med tillg\u00e5ng till en korsreferenslista f\u00e5r du fram Scanias artikelnummer om du endast har tillverkarens artikelnummer.<\/p>\n<p>Denna sida visar inga priser eller tillg\u00e4nglighet p\u00e5 just din verkstad, men kontakta oss s\u00e5 hj\u00e4lper vi dig.[\/vc_column_text][vc_btn title=&#8221;Till Vehicle Related Services&#8221; style=&#8221;classic&#8221; shape=&#8221;square&#8221; color=&#8221;black&#8221; link=&#8221;url:https%3A%2F%2Fvrs-public.scania.com%2FIndex.aspx||target:%20_blank|&#8221;][\/vc_column][vc_column width=&#8221;1\/6&#8243;][\/vc_column][\/vc_row][vc_row][vc_column][vc_column_text]<\/p>\n<p>&nbsp;<\/p>\n<p><img fetchpriority=\"high\" decoding=\"async\" class=\"alignnone size-full wp-image-6175\" src=\"https:\/\/toveksbil.se\/lastbilar\/wp-content\/uploads\/2018\/05\/VRS-levernat\u00f6rer2-1.jpg\" alt=\"\" width=\"990\" height=\"197\" srcset=\"https:\/\/toveksbil.se\/lastbilar\/wp-content\/uploads\/2018\/05\/VRS-levernat\u00f6rer2-1.jpg 990w, https:\/\/toveksbil.se\/lastbilar\/wp-content\/uploads\/2018\/05\/VRS-levernat\u00f6rer2-1-300x60.jpg 300w, https:\/\/toveksbil.se\/lastbilar\/wp-content\/uploads\/2018\/05\/VRS-levernat\u00f6rer2-1-768x153.jpg 768w\" sizes=\"(max-width: 990px) 100vw, 990px\" \/><img decoding=\"async\" class=\"alignnone size-full wp-image-6176\" src=\"https:\/\/toveksbil.se\/lastbilar\/wp-content\/uploads\/2018\/05\/VRS-levernat\u00f6rer1-1.jpg\" alt=\"\" width=\"1017\" height=\"200\" srcset=\"https:\/\/toveksbil.se\/lastbilar\/wp-content\/uploads\/2018\/05\/VRS-levernat\u00f6rer1-1.jpg 1017w, https:\/\/toveksbil.se\/lastbilar\/wp-content\/uploads\/2018\/05\/VRS-levernat\u00f6rer1-1-300x59.jpg 300w, https:\/\/toveksbil.se\/lastbilar\/wp-content\/uploads\/2018\/05\/VRS-levernat\u00f6rer1-1-768x151.jpg 768w\" sizes=\"(max-width: 1017px) 100vw, 1017px\" \/>[\/vc_column_text][\/vc_column][\/vc_row]<\/p>\n<\/div>","protected":false},"excerpt":{"rendered":"<p>[vc_row][vc_column width=&#8221;5\/6&#8243;][vc_column_text] VRS &#8211; Vehicle Related Service Scanias verkst\u00e4der har alla f\u00e4rdigheter och tj\u00e4nster som beh\u00f6vs f\u00f6r dina sl\u00e4p och p\u00e5byggnationer. Vi tar hand om hela ditt fordon, fr\u00e5n dedikerad expertis till kvalitet p\u00e5 reservdelar, vilket garanterar minimalt stillest\u00e5nd, var du \u00e4n befinner dig. Scania satsar mycket brett med originaldelar f\u00f6r sl\u00e4p och p\u00e5byggnationer och [&hellip;]<\/p>\n","protected":false},"author":1,"featured_media":0,"parent":0,"menu_order":0,"comment_status":"closed","ping_status":"closed","template":"","meta":{"_acf_changed":false,"_exactmetrics_skip_tracking":false,"_exactmetrics_sitenote_active":false,"_exactmetrics_sitenote_note":"","_exactmetrics_sitenote_category":0,"footnotes":""},"class_list":["post-6134","page","type-page","status-publish","hentry"],"acf":[],"yoast_head":"<!-- This site is optimized with the Yoast SEO plugin v27.2 - https:\/\/yoast.com\/product\/yoast-seo-wordpress\/ -->\n<title>VRS - Vehicle Related Service - Toveks Lastbil<\/title>\n<meta name=\"description\" content=\"VRS - Vehicle Related Service Scanias verkst\u00e4der har alla f\u00e4rdigheter och tj\u00e4nster som beh\u00f6vs f\u00f6r dina sl\u00e4p och p\u00e5byggnationer. Vi tar hand om hela ditt fordon, fr\u00e5n dedikerad expertis till kvalitet p\u00e5 reservdelar, vilket garanterar minimalt stillest\u00e5nd, var du \u00e4n befinner dig.\" \/>\n<meta name=\"robots\" content=\"index, follow, max-snippet:-1, max-image-preview:large, max-video-preview:-1\" \/>\n<link rel=\"canonical\" href=\"https:\/\/toveksbil.se\/lastbilar\/vrs-vehicle-related-service\/\" \/>\n<meta name=\"twitter:card\" content=\"summary_large_image\" \/>\n<meta name=\"twitter:title\" content=\"VRS - Vehicle Related Service - Toveks Lastbil\" \/>\n<meta name=\"twitter:description\" content=\"VRS - Vehicle Related Service Scanias verkst\u00e4der har alla f\u00e4rdigheter och tj\u00e4nster som beh\u00f6vs f\u00f6r dina sl\u00e4p och p\u00e5byggnationer. Vi tar hand om hela ditt fordon, fr\u00e5n dedikerad expertis till kvalitet p\u00e5 reservdelar, vilket garanterar minimalt stillest\u00e5nd, var du \u00e4n befinner dig.\" \/>\n<meta name=\"twitter:label1\" content=\"Ber\u00e4knad l\u00e4stid\" \/>\n\t<meta name=\"twitter:data1\" content=\"2 minuter\" \/>\n<script type=\"application\/ld+json\" class=\"yoast-schema-graph\">{\"@context\":\"https:\/\/schema.org\",\"@graph\":[{\"@type\":\"WebPage\",\"@id\":\"https:\/\/toveksbil.se\/lastbilar\/vrs-vehicle-related-service\/\",\"url\":\"https:\/\/toveksbil.se\/lastbilar\/vrs-vehicle-related-service\/\",\"name\":\"VRS - Vehicle Related Service - Toveks Lastbil\",\"isPartOf\":{\"@id\":\"https:\/\/toveksbil.se\/lastbilar\/#website\"},\"datePublished\":\"2018-05-16T13:44:32+00:00\",\"dateModified\":\"2019-12-05T07:40:59+00:00\",\"description\":\"VRS - Vehicle Related Service Scanias verkst\u00e4der har alla f\u00e4rdigheter och tj\u00e4nster som beh\u00f6vs f\u00f6r dina sl\u00e4p och p\u00e5byggnationer. Vi tar hand om hela ditt fordon, fr\u00e5n dedikerad expertis till kvalitet p\u00e5 reservdelar, vilket garanterar minimalt stillest\u00e5nd, var du \u00e4n befinner dig.\",\"breadcrumb\":{\"@id\":\"https:\/\/toveksbil.se\/lastbilar\/vrs-vehicle-related-service\/#breadcrumb\"},\"inLanguage\":\"sv-SE\",\"potentialAction\":[{\"@type\":\"ReadAction\",\"target\":[\"https:\/\/toveksbil.se\/lastbilar\/vrs-vehicle-related-service\/\"]}]},{\"@type\":\"BreadcrumbList\",\"@id\":\"https:\/\/toveksbil.se\/lastbilar\/vrs-vehicle-related-service\/#breadcrumb\",\"itemListElement\":[{\"@type\":\"ListItem\",\"position\":1,\"name\":\"Hem\",\"item\":\"https:\/\/toveksbil.se\/lastbilar\/\"},{\"@type\":\"ListItem\",\"position\":2,\"name\":\"VRS &#8211; Vehicle Related Service\"}]},{\"@type\":\"WebSite\",\"@id\":\"https:\/\/toveksbil.se\/lastbilar\/#website\",\"url\":\"https:\/\/toveksbil.se\/lastbilar\/\",\"name\":\"Toveks Bil\",\"description\":\"Hela v\u00e4gen\",\"potentialAction\":[{\"@type\":\"SearchAction\",\"target\":{\"@type\":\"EntryPoint\",\"urlTemplate\":\"https:\/\/toveksbil.se\/lastbilar\/?s={search_term_string}\"},\"query-input\":{\"@type\":\"PropertyValueSpecification\",\"valueRequired\":true,\"valueName\":\"search_term_string\"}}],\"inLanguage\":\"sv-SE\"}]}<\/script>\n<!-- \/ Yoast SEO plugin. -->","yoast_head_json":{"title":"VRS - Vehicle Related Service - Toveks Lastbil","description":"VRS - Vehicle Related Service Scanias verkst\u00e4der har alla f\u00e4rdigheter och tj\u00e4nster som beh\u00f6vs f\u00f6r dina sl\u00e4p och p\u00e5byggnationer. Vi tar hand om hela ditt fordon, fr\u00e5n dedikerad expertis till kvalitet p\u00e5 reservdelar, vilket garanterar minimalt stillest\u00e5nd, var du \u00e4n befinner dig.","robots":{"index":"index","follow":"follow","max-snippet":"max-snippet:-1","max-image-preview":"max-image-preview:large","max-video-preview":"max-video-preview:-1"},"canonical":"https:\/\/toveksbil.se\/lastbilar\/vrs-vehicle-related-service\/","twitter_card":"summary_large_image","twitter_title":"VRS - Vehicle Related Service - Toveks Lastbil","twitter_description":"VRS - Vehicle Related Service Scanias verkst\u00e4der har alla f\u00e4rdigheter och tj\u00e4nster som beh\u00f6vs f\u00f6r dina sl\u00e4p och p\u00e5byggnationer. Vi tar hand om hela ditt fordon, fr\u00e5n dedikerad expertis till kvalitet p\u00e5 reservdelar, vilket garanterar minimalt stillest\u00e5nd, var du \u00e4n befinner dig.","twitter_misc":{"Ber\u00e4knad l\u00e4stid":"2 minuter"},"schema":{"@context":"https:\/\/schema.org","@graph":[{"@type":"WebPage","@id":"https:\/\/toveksbil.se\/lastbilar\/vrs-vehicle-related-service\/","url":"https:\/\/toveksbil.se\/lastbilar\/vrs-vehicle-related-service\/","name":"VRS - Vehicle Related Service - Toveks Lastbil","isPartOf":{"@id":"https:\/\/toveksbil.se\/lastbilar\/#website"},"datePublished":"2018-05-16T13:44:32+00:00","dateModified":"2019-12-05T07:40:59+00:00","description":"VRS - Vehicle Related Service Scanias verkst\u00e4der har alla f\u00e4rdigheter och tj\u00e4nster som beh\u00f6vs f\u00f6r dina sl\u00e4p och p\u00e5byggnationer. Vi tar hand om hela ditt fordon, fr\u00e5n dedikerad expertis till kvalitet p\u00e5 reservdelar, vilket garanterar minimalt stillest\u00e5nd, var du \u00e4n befinner dig.","breadcrumb":{"@id":"https:\/\/toveksbil.se\/lastbilar\/vrs-vehicle-related-service\/#breadcrumb"},"inLanguage":"sv-SE","potentialAction":[{"@type":"ReadAction","target":["https:\/\/toveksbil.se\/lastbilar\/vrs-vehicle-related-service\/"]}]},{"@type":"BreadcrumbList","@id":"https:\/\/toveksbil.se\/lastbilar\/vrs-vehicle-related-service\/#breadcrumb","itemListElement":[{"@type":"ListItem","position":1,"name":"Hem","item":"https:\/\/toveksbil.se\/lastbilar\/"},{"@type":"ListItem","position":2,"name":"VRS &#8211; Vehicle Related Service"}]},{"@type":"WebSite","@id":"https:\/\/toveksbil.se\/lastbilar\/#website","url":"https:\/\/toveksbil.se\/lastbilar\/","name":"Toveks Bil","description":"Hela v\u00e4gen","potentialAction":[{"@type":"SearchAction","target":{"@type":"EntryPoint","urlTemplate":"https:\/\/toveksbil.se\/lastbilar\/?s={search_term_string}"},"query-input":{"@type":"PropertyValueSpecification","valueRequired":true,"valueName":"search_term_string"}}],"inLanguage":"sv-SE"}]}},"_links":{"self":[{"href":"https:\/\/toveksbil.se\/lastbilar\/wp-json\/wp\/v2\/pages\/6134","targetHints":{"allow":["GET"]}}],"collection":[{"href":"https:\/\/toveksbil.se\/lastbilar\/wp-json\/wp\/v2\/pages"}],"about":[{"href":"https:\/\/toveksbil.se\/lastbilar\/wp-json\/wp\/v2\/types\/page"}],"author":[{"embeddable":true,"href":"https:\/\/toveksbil.se\/lastbilar\/wp-json\/wp\/v2\/users\/1"}],"replies":[{"embeddable":true,"href":"https:\/\/toveksbil.se\/lastbilar\/wp-json\/wp\/v2\/comments?post=6134"}],"version-history":[{"count":12,"href":"https:\/\/toveksbil.se\/lastbilar\/wp-json\/wp\/v2\/pages\/6134\/revisions"}],"predecessor-version":[{"id":7032,"href":"https:\/\/toveksbil.se\/lastbilar\/wp-json\/wp\/v2\/pages\/6134\/revisions\/7032"}],"wp:attachment":[{"href":"https:\/\/toveksbil.se\/lastbilar\/wp-json\/wp\/v2\/media?parent=6134"}],"curies":[{"name":"wp","href":"https:\/\/api.w.org\/{rel}","templated":true}]}}