{"id":6136,"date":"2018-05-16T15:44:47","date_gmt":"2018-05-16T13:44:47","guid":{"rendered":"http:\/\/toveksbil.se\/lastbilardev\/?page_id=6136"},"modified":"2019-12-05T08:41:45","modified_gmt":"2019-12-05T07:41:45","slug":"spo-scania-parts-online","status":"publish","type":"page","link":"https:\/\/toveksbil.se\/lastbilar\/spo-scania-parts-online\/","title":{"rendered":"SPO &#8211; Scania Parts Online"},"content":{"rendered":"<div class=\"wpb-content-wrapper\"><p>[vc_row][vc_column width=&#8221;5\/6&#8243;][vc_column_text]<\/p>\n<h1>SPO &#8211; Scania Parts Online<\/h1>\n<p>SPO \u00e4r en f\u00f6rb\u00e4ttrad tj\u00e4nst f\u00f6r dig med egen verkstad. Som kund hos oss f\u00e5r du m\u00f6jligheten att k\u00f6pa delar direkt via webben. D\u00e4r har du inte bara tillg\u00e5ng till hela Scanias originalsortiment av reservdelar utan \u00e4ven v\u00e5rt VRS-sortiment, speciellt utvalt f\u00f6r sl\u00e4p och p\u00e5byggnationer.<\/p>\n<p>Ett stort plus f\u00f6r dig som kund \u00e4r att du \u00e4ven f\u00e5r tillg\u00e5ng till Scanias reservdelsverktyg \u2013 Multi, som ger en exakt och detaljerad lista p\u00e5 alla ing\u00e5ende delar och komponenter. Allt du beh\u00f6ver g\u00f6ra \u00e4r att ange det sjusiffriga chassinumret p\u00e5 fordonet i fr\u00e5ga.<\/p>\n<p>N\u00e4r du \u00e4r inloggad kan du \u00e4ven se priset p\u00e5 artiklarna du beh\u00f6ver och dess tillg\u00e4nglighet.<\/p>\n<p>Din best\u00e4llning skickas direkt in i v\u00e5rt orderhanteringssystem och leveransen sker kostnadsfritt till \u00f6nskad Scaniaverkstad.<\/p>\n<p>H\u00e4r kan du handla i lugn och ro och best\u00e4lla leveransen till din n\u00e4rmaste Scaniaverkstad med ett f\u00e5tal klick.<\/p>\n<p>F\u00f6r att f\u00e5 tillg\u00e5ng till SPO s\u00e5 kontaktar du bara din n\u00e4rmaste Scania \u00e5terf\u00f6rs\u00e4ljare och ber om att f\u00e5 bli SPO kund.[\/vc_column_text][vc_btn title=&#8221;Till Scania Parts Online&#8221; style=&#8221;classic&#8221; shape=&#8221;square&#8221; color=&#8221;black&#8221; link=&#8221;url:https%3A%2F%2Fspp.scania.com%2FSite%2FCustomerLogin%2FLogin.aspx||target:%20_blank|&#8221;][\/vc_column][vc_column width=&#8221;1\/6&#8243;][\/vc_column][\/vc_row]<\/p>\n<\/div>","protected":false},"excerpt":{"rendered":"<p>[vc_row][vc_column width=&#8221;5\/6&#8243;][vc_column_text] SPO &#8211; Scania Parts Online SPO \u00e4r en f\u00f6rb\u00e4ttrad tj\u00e4nst f\u00f6r dig med egen verkstad. Som kund hos oss f\u00e5r du m\u00f6jligheten att k\u00f6pa delar direkt via webben. D\u00e4r har du inte bara tillg\u00e5ng till hela Scanias originalsortiment av reservdelar utan \u00e4ven v\u00e5rt VRS-sortiment, speciellt utvalt f\u00f6r sl\u00e4p och p\u00e5byggnationer. Ett stort plus [&hellip;]<\/p>\n","protected":false},"author":1,"featured_media":0,"parent":0,"menu_order":0,"comment_status":"closed","ping_status":"closed","template":"","meta":{"_acf_changed":false,"_exactmetrics_skip_tracking":false,"_exactmetrics_sitenote_active":false,"_exactmetrics_sitenote_note":"","_exactmetrics_sitenote_category":0,"footnotes":""},"class_list":["post-6136","page","type-page","status-publish","hentry"],"acf":[],"yoast_head":"<!-- This site is optimized with the Yoast SEO plugin v27.2 - https:\/\/yoast.com\/product\/yoast-seo-wordpress\/ -->\n<title>SPO - Scania Parts Online, webbhandel - Toveks Lastbilar<\/title>\n<meta name=\"description\" content=\"SPO - Scania Parts Online SPO \u00e4r en f\u00f6rb\u00e4ttrad tj\u00e4nst f\u00f6r dig med egen verkstad. Som kund hos oss f\u00e5r du m\u00f6jligheten att k\u00f6pa delar direkt via webben. D\u00e4r har du inte bara tillg\u00e5ng till hela Scanias originalsortiment av reservdelar utan \u00e4ven v\u00e5rt VRS-sortiment, speciellt utvalt f\u00f6r sl\u00e4p och p\u00e5byggnationer.\" \/>\n<meta name=\"robots\" content=\"index, follow, max-snippet:-1, max-image-preview:large, max-video-preview:-1\" \/>\n<link rel=\"canonical\" href=\"https:\/\/toveksbil.se\/lastbilar\/spo-scania-parts-online\/\" \/>\n<meta name=\"twitter:card\" content=\"summary_large_image\" \/>\n<meta name=\"twitter:title\" content=\"SPO - Scania Parts Online, webbhandel - Toveks Lastbilar\" \/>\n<meta name=\"twitter:description\" content=\"SPO - Scania Parts Online SPO \u00e4r en f\u00f6rb\u00e4ttrad tj\u00e4nst f\u00f6r dig med egen verkstad. Som kund hos oss f\u00e5r du m\u00f6jligheten att k\u00f6pa delar direkt via webben. D\u00e4r har du inte bara tillg\u00e5ng till hela Scanias originalsortiment av reservdelar utan \u00e4ven v\u00e5rt VRS-sortiment, speciellt utvalt f\u00f6r sl\u00e4p och p\u00e5byggnationer.\" \/>\n<meta name=\"twitter:label1\" content=\"Ber\u00e4knad l\u00e4stid\" \/>\n\t<meta name=\"twitter:data1\" content=\"1 minut\" \/>\n<script type=\"application\/ld+json\" class=\"yoast-schema-graph\">{\"@context\":\"https:\/\/schema.org\",\"@graph\":[{\"@type\":\"WebPage\",\"@id\":\"https:\/\/toveksbil.se\/lastbilar\/spo-scania-parts-online\/\",\"url\":\"https:\/\/toveksbil.se\/lastbilar\/spo-scania-parts-online\/\",\"name\":\"SPO - Scania Parts Online, webbhandel - Toveks Lastbilar\",\"isPartOf\":{\"@id\":\"https:\/\/toveksbil.se\/lastbilar\/#website\"},\"datePublished\":\"2018-05-16T13:44:47+00:00\",\"dateModified\":\"2019-12-05T07:41:45+00:00\",\"description\":\"SPO - Scania Parts Online SPO \u00e4r en f\u00f6rb\u00e4ttrad tj\u00e4nst f\u00f6r dig med egen verkstad. Som kund hos oss f\u00e5r du m\u00f6jligheten att k\u00f6pa delar direkt via webben. D\u00e4r har du inte bara tillg\u00e5ng till hela Scanias originalsortiment av reservdelar utan \u00e4ven v\u00e5rt VRS-sortiment, speciellt utvalt f\u00f6r sl\u00e4p och p\u00e5byggnationer.\",\"breadcrumb\":{\"@id\":\"https:\/\/toveksbil.se\/lastbilar\/spo-scania-parts-online\/#breadcrumb\"},\"inLanguage\":\"sv-SE\",\"potentialAction\":[{\"@type\":\"ReadAction\",\"target\":[\"https:\/\/toveksbil.se\/lastbilar\/spo-scania-parts-online\/\"]}]},{\"@type\":\"BreadcrumbList\",\"@id\":\"https:\/\/toveksbil.se\/lastbilar\/spo-scania-parts-online\/#breadcrumb\",\"itemListElement\":[{\"@type\":\"ListItem\",\"position\":1,\"name\":\"Hem\",\"item\":\"https:\/\/toveksbil.se\/lastbilar\/\"},{\"@type\":\"ListItem\",\"position\":2,\"name\":\"SPO &#8211; Scania Parts Online\"}]},{\"@type\":\"WebSite\",\"@id\":\"https:\/\/toveksbil.se\/lastbilar\/#website\",\"url\":\"https:\/\/toveksbil.se\/lastbilar\/\",\"name\":\"Toveks Bil\",\"description\":\"Hela v\u00e4gen\",\"potentialAction\":[{\"@type\":\"SearchAction\",\"target\":{\"@type\":\"EntryPoint\",\"urlTemplate\":\"https:\/\/toveksbil.se\/lastbilar\/?s={search_term_string}\"},\"query-input\":{\"@type\":\"PropertyValueSpecification\",\"valueRequired\":true,\"valueName\":\"search_term_string\"}}],\"inLanguage\":\"sv-SE\"}]}<\/script>\n<!-- \/ Yoast SEO plugin. -->","yoast_head_json":{"title":"SPO - Scania Parts Online, webbhandel - Toveks Lastbilar","description":"SPO - Scania Parts Online SPO \u00e4r en f\u00f6rb\u00e4ttrad tj\u00e4nst f\u00f6r dig med egen verkstad. Som kund hos oss f\u00e5r du m\u00f6jligheten att k\u00f6pa delar direkt via webben. D\u00e4r har du inte bara tillg\u00e5ng till hela Scanias originalsortiment av reservdelar utan \u00e4ven v\u00e5rt VRS-sortiment, speciellt utvalt f\u00f6r sl\u00e4p och p\u00e5byggnationer.","robots":{"index":"index","follow":"follow","max-snippet":"max-snippet:-1","max-image-preview":"max-image-preview:large","max-video-preview":"max-video-preview:-1"},"canonical":"https:\/\/toveksbil.se\/lastbilar\/spo-scania-parts-online\/","twitter_card":"summary_large_image","twitter_title":"SPO - Scania Parts Online, webbhandel - Toveks Lastbilar","twitter_description":"SPO - Scania Parts Online SPO \u00e4r en f\u00f6rb\u00e4ttrad tj\u00e4nst f\u00f6r dig med egen verkstad. Som kund hos oss f\u00e5r du m\u00f6jligheten att k\u00f6pa delar direkt via webben. D\u00e4r har du inte bara tillg\u00e5ng till hela Scanias originalsortiment av reservdelar utan \u00e4ven v\u00e5rt VRS-sortiment, speciellt utvalt f\u00f6r sl\u00e4p och p\u00e5byggnationer.","twitter_misc":{"Ber\u00e4knad l\u00e4stid":"1 minut"},"schema":{"@context":"https:\/\/schema.org","@graph":[{"@type":"WebPage","@id":"https:\/\/toveksbil.se\/lastbilar\/spo-scania-parts-online\/","url":"https:\/\/toveksbil.se\/lastbilar\/spo-scania-parts-online\/","name":"SPO - Scania Parts Online, webbhandel - Toveks Lastbilar","isPartOf":{"@id":"https:\/\/toveksbil.se\/lastbilar\/#website"},"datePublished":"2018-05-16T13:44:47+00:00","dateModified":"2019-12-05T07:41:45+00:00","description":"SPO - Scania Parts Online SPO \u00e4r en f\u00f6rb\u00e4ttrad tj\u00e4nst f\u00f6r dig med egen verkstad. Som kund hos oss f\u00e5r du m\u00f6jligheten att k\u00f6pa delar direkt via webben. D\u00e4r har du inte bara tillg\u00e5ng till hela Scanias originalsortiment av reservdelar utan \u00e4ven v\u00e5rt VRS-sortiment, speciellt utvalt f\u00f6r sl\u00e4p och p\u00e5byggnationer.","breadcrumb":{"@id":"https:\/\/toveksbil.se\/lastbilar\/spo-scania-parts-online\/#breadcrumb"},"inLanguage":"sv-SE","potentialAction":[{"@type":"ReadAction","target":["https:\/\/toveksbil.se\/lastbilar\/spo-scania-parts-online\/"]}]},{"@type":"BreadcrumbList","@id":"https:\/\/toveksbil.se\/lastbilar\/spo-scania-parts-online\/#breadcrumb","itemListElement":[{"@type":"ListItem","position":1,"name":"Hem","item":"https:\/\/toveksbil.se\/lastbilar\/"},{"@type":"ListItem","position":2,"name":"SPO &#8211; Scania Parts Online"}]},{"@type":"WebSite","@id":"https:\/\/toveksbil.se\/lastbilar\/#website","url":"https:\/\/toveksbil.se\/lastbilar\/","name":"Toveks Bil","description":"Hela v\u00e4gen","potentialAction":[{"@type":"SearchAction","target":{"@type":"EntryPoint","urlTemplate":"https:\/\/toveksbil.se\/lastbilar\/?s={search_term_string}"},"query-input":{"@type":"PropertyValueSpecification","valueRequired":true,"valueName":"search_term_string"}}],"inLanguage":"sv-SE"}]}},"_links":{"self":[{"href":"https:\/\/toveksbil.se\/lastbilar\/wp-json\/wp\/v2\/pages\/6136","targetHints":{"allow":["GET"]}}],"collection":[{"href":"https:\/\/toveksbil.se\/lastbilar\/wp-json\/wp\/v2\/pages"}],"about":[{"href":"https:\/\/toveksbil.se\/lastbilar\/wp-json\/wp\/v2\/types\/page"}],"author":[{"embeddable":true,"href":"https:\/\/toveksbil.se\/lastbilar\/wp-json\/wp\/v2\/users\/1"}],"replies":[{"embeddable":true,"href":"https:\/\/toveksbil.se\/lastbilar\/wp-json\/wp\/v2\/comments?post=6136"}],"version-history":[{"count":12,"href":"https:\/\/toveksbil.se\/lastbilar\/wp-json\/wp\/v2\/pages\/6136\/revisions"}],"predecessor-version":[{"id":7033,"href":"https:\/\/toveksbil.se\/lastbilar\/wp-json\/wp\/v2\/pages\/6136\/revisions\/7033"}],"wp:attachment":[{"href":"https:\/\/toveksbil.se\/lastbilar\/wp-json\/wp\/v2\/media?parent=6136"}],"curies":[{"name":"wp","href":"https:\/\/api.w.org\/{rel}","templated":true}]}}