{"id":6200,"date":"2018-05-17T12:04:48","date_gmt":"2018-05-17T10:04:48","guid":{"rendered":"http:\/\/toveksbil.se\/lastbilardev\/?page_id=6200"},"modified":"2021-10-15T15:40:24","modified_gmt":"2021-10-15T13:40:24","slug":"scania-serviceavtal","status":"publish","type":"page","link":"https:\/\/toveksbil.se\/lastbilar\/scania-serviceavtal\/","title":{"rendered":"Scania Serviceavtal"},"content":{"rendered":"<div class=\"wpb-content-wrapper\"><p>[vc_row][vc_column width=&#8221;5\/6&#8243;][vc_column_text]<\/p>\n<h1>Scania Serviceavtal<\/h1>\n<p>Serviceavtal finns i flera olika niv\u00e5er och grundtanken \u00e4r enkel. Vi tar hand om underh\u00e5llet, du koncentrerar dig p\u00e5 transportverksamheten.<\/p>\n<p><strong>Underh\u00e5llsavtal<\/strong><br \/>\nSkr\u00e4ddarsydd underh\u00e5llsplanering f\u00f6r ditt fordon. Med ett fast pris per kilometer f\u00e5r du kontroll \u00f6ver kostnaderna. Fordonet sk\u00f6ts enligt Scanias rekommendationer och riktlinjer, vilket ger \u00f6kat andrahandsv\u00e4rde.<\/p>\n<p><strong>Drivlineavtal<\/strong><br \/>\nDrivlineavtalet t\u00e4cker skador p\u00e5 drivlinan under 3 till 5 \u00e5r upp till 120 000 mil, beroende p\u00e5 drifttyp. I drivlineavtalet ig\u00e5r underh\u00e5ll f\u00f6r hela avtalsperioden.<\/p>\n<p><strong>Gr\u00f6nt Kort-avtal<\/strong><br \/>\nMed en fast kostnad f\u00f6r underh\u00e5ll och reparationer slipper du obehagliga \u00f6verraskningar. Villkoren \u00e4r desamma, oavsett var i Sverige fordonet repareras. Kostnadsuppf\u00f6ljning sker via saldobesked. Kostnader f\u00f6r jour, utryckning och b\u00e4rgning via Scania Assistance ing\u00e5r.<\/p>\n<p><strong>Scania Max24<\/strong><br \/>\nScania garanterar att fordonet vid ett oplanerat driftstopp \u00e5terst\u00e4lls i k\u00f6rklart skick inom 24 timmar. Om fordonet inte kan brukas inom 24 timmar f\u00e5r \u00e4garen ers\u00e4ttning per efterf\u00f6ljande dygn. Max 24 ing\u00e5r i Scania Underh\u00e5llsavtal, Drivlineavtal och Gr\u00f6nt Kortavtal.<\/p>\n<p><img fetchpriority=\"high\" decoding=\"async\" class=\"alignnone wp-image-6204 size-full\" src=\"https:\/\/toveksbil.se\/lastbilar\/wp-content\/uploads\/2018\/05\/Scania-Serviceavtal.png\" alt=\"Scania Serviceavtal\" width=\"1154\" height=\"486\" srcset=\"https:\/\/toveksbil.se\/lastbilar\/wp-content\/uploads\/2018\/05\/Scania-Serviceavtal.png 1154w, https:\/\/toveksbil.se\/lastbilar\/wp-content\/uploads\/2018\/05\/Scania-Serviceavtal-300x126.png 300w, https:\/\/toveksbil.se\/lastbilar\/wp-content\/uploads\/2018\/05\/Scania-Serviceavtal-768x323.png 768w, https:\/\/toveksbil.se\/lastbilar\/wp-content\/uploads\/2018\/05\/Scania-Serviceavtal-1024x431.png 1024w\" sizes=\"(max-width: 1154px) 100vw, 1154px\" \/>[\/vc_column_text][\/vc_column][vc_column width=&#8221;1\/6&#8243;][\/vc_column][\/vc_row][vc_row][vc_column][vc_column_text]<\/p>\n<hr \/>\n<h2>Kontakt<\/h2>\n<p>[\/vc_column_text][\/vc_column][\/vc_row][vc_row][vc_column width=&#8221;1\/4&#8243;][vc_column_text]<img decoding=\"async\" class=\"alignnone size-medium wp-image-5477\" src=\"https:\/\/toveksbil.se\/lastbilar\/wp-content\/uploads\/2018\/04\/Bengt-Bj\u00f6rk-227x300.jpg\" alt=\"\" width=\"227\" height=\"300\" srcset=\"https:\/\/toveksbil.se\/lastbilar\/wp-content\/uploads\/2018\/04\/Bengt-Bj\u00f6rk-227x300.jpg 227w, https:\/\/toveksbil.se\/lastbilar\/wp-content\/uploads\/2018\/04\/Bengt-Bj\u00f6rk.jpg 300w\" sizes=\"(max-width: 227px) 100vw, 227px\" \/><\/p>\n<p><strong>Bengt Bj\u00f6rk<\/strong><br \/>\n<em>Serviceavtalss\u00e4ljare<\/em><br \/>\n<a href=\"tel:0500-427909\">0500-427909<\/a><br \/>\n<a href=\"mailto:bengt.bjork@toveksbil.se\">bengt.bjork@toveksbil.se<\/a>[\/vc_column_text][\/vc_column][vc_column width=&#8221;1\/4&#8243;][vc_column_text]<img decoding=\"async\" class=\"alignnone wp-image-7680 size-medium\" src=\"http:\/\/toveksbil.se\/lastbilar\/wp-content\/uploads\/2021\/10\/Magnus-Wallin-227x300.jpg\" alt=\"Magnus Wallin\" width=\"227\" height=\"300\" srcset=\"https:\/\/toveksbil.se\/lastbilar\/wp-content\/uploads\/2021\/10\/Magnus-Wallin-227x300.jpg 227w, https:\/\/toveksbil.se\/lastbilar\/wp-content\/uploads\/2021\/10\/Magnus-Wallin.jpg 300w\" sizes=\"(max-width: 227px) 100vw, 227px\" \/><\/p>\n<p><strong>Magnus Wallin<\/strong><br \/>\n<em>Serviceavtalss\u00e4ljare<\/em><br \/>\n<a href=\"tel:0500-783941\">0500-783941<\/a><br \/>\n<a href=\"mailto:magnus.wallin@toveksbil.se\">magnus.wallin@toveksbil.se<\/a>[\/vc_column_text][\/vc_column][vc_column width=&#8221;1\/4&#8243;][\/vc_column][vc_column width=&#8221;1\/4&#8243;][\/vc_column][\/vc_row]<\/p>\n<\/div>","protected":false},"excerpt":{"rendered":"<p>[vc_row][vc_column width=&#8221;5\/6&#8243;][vc_column_text] Scania Serviceavtal Serviceavtal finns i flera olika niv\u00e5er och grundtanken \u00e4r enkel. Vi tar hand om underh\u00e5llet, du koncentrerar dig p\u00e5 transportverksamheten. Underh\u00e5llsavtal Skr\u00e4ddarsydd underh\u00e5llsplanering f\u00f6r ditt fordon. Med ett fast pris per kilometer f\u00e5r du kontroll \u00f6ver kostnaderna. Fordonet sk\u00f6ts enligt Scanias rekommendationer och riktlinjer, vilket ger \u00f6kat andrahandsv\u00e4rde. Drivlineavtal Drivlineavtalet t\u00e4cker [&hellip;]<\/p>\n","protected":false},"author":2,"featured_media":0,"parent":0,"menu_order":0,"comment_status":"closed","ping_status":"closed","template":"","meta":{"_acf_changed":false,"_exactmetrics_skip_tracking":false,"_exactmetrics_sitenote_active":false,"_exactmetrics_sitenote_note":"","_exactmetrics_sitenote_category":0,"footnotes":""},"class_list":["post-6200","page","type-page","status-publish","hentry"],"acf":[],"yoast_head":"<!-- This site is optimized with the Yoast SEO plugin v27.2 - https:\/\/yoast.com\/product\/yoast-seo-wordpress\/ -->\n<title>Scania Serviceavtal, Underh\u00e5ll lastbilar - Toveks Lastbil<\/title>\n<meta name=\"description\" content=\"Scania Serviceavtal Serviceavtal finns i flera olika niv\u00e5er och grundtanken \u00e4r enkel. Vi tar hand om underh\u00e5llet, du koncentrerar dig p\u00e5 transportverksamheten. Underh\u00e5llsavtal Skr\u00e4ddarsydd underh\u00e5llsplanering f\u00f6r ditt fordon. Med ett fast pris per kilometer f\u00e5r du kontroll \u00f6ver kostnaderna\" \/>\n<meta name=\"robots\" content=\"index, follow, max-snippet:-1, max-image-preview:large, max-video-preview:-1\" \/>\n<link rel=\"canonical\" href=\"https:\/\/toveksbil.se\/lastbilar\/scania-serviceavtal\/\" \/>\n<meta name=\"twitter:card\" content=\"summary_large_image\" \/>\n<meta name=\"twitter:title\" content=\"Scania Serviceavtal, Underh\u00e5ll lastbilar - Toveks Lastbil\" \/>\n<meta name=\"twitter:description\" content=\"Scania Serviceavtal Serviceavtal finns i flera olika niv\u00e5er och grundtanken \u00e4r enkel. Vi tar hand om underh\u00e5llet, du koncentrerar dig p\u00e5 transportverksamheten. Underh\u00e5llsavtal Skr\u00e4ddarsydd underh\u00e5llsplanering f\u00f6r ditt fordon. Med ett fast pris per kilometer f\u00e5r du kontroll \u00f6ver kostnaderna\" \/>\n<meta name=\"twitter:image\" content=\"https:\/\/toveksbil.se\/lastbilar\/wp-content\/uploads\/2018\/05\/Scania-Serviceavtal.png\" \/>\n<meta name=\"twitter:label1\" content=\"Ber\u00e4knad l\u00e4stid\" \/>\n\t<meta name=\"twitter:data1\" content=\"2 minuter\" \/>\n<script type=\"application\/ld+json\" class=\"yoast-schema-graph\">{\"@context\":\"https:\/\/schema.org\",\"@graph\":[{\"@type\":\"WebPage\",\"@id\":\"https:\/\/toveksbil.se\/lastbilar\/scania-serviceavtal\/\",\"url\":\"https:\/\/toveksbil.se\/lastbilar\/scania-serviceavtal\/\",\"name\":\"Scania Serviceavtal, Underh\u00e5ll lastbilar - Toveks Lastbil\",\"isPartOf\":{\"@id\":\"https:\/\/toveksbil.se\/lastbilar\/#website\"},\"primaryImageOfPage\":{\"@id\":\"https:\/\/toveksbil.se\/lastbilar\/scania-serviceavtal\/#primaryimage\"},\"image\":{\"@id\":\"https:\/\/toveksbil.se\/lastbilar\/scania-serviceavtal\/#primaryimage\"},\"thumbnailUrl\":\"https:\/\/toveksbil.se\/lastbilar\/wp-content\/uploads\/2018\/05\/Scania-Serviceavtal.png\",\"datePublished\":\"2018-05-17T10:04:48+00:00\",\"dateModified\":\"2021-10-15T13:40:24+00:00\",\"description\":\"Scania Serviceavtal Serviceavtal finns i flera olika niv\u00e5er och grundtanken \u00e4r enkel. Vi tar hand om underh\u00e5llet, du koncentrerar dig p\u00e5 transportverksamheten. Underh\u00e5llsavtal Skr\u00e4ddarsydd underh\u00e5llsplanering f\u00f6r ditt fordon. Med ett fast pris per kilometer f\u00e5r du kontroll \u00f6ver kostnaderna\",\"breadcrumb\":{\"@id\":\"https:\/\/toveksbil.se\/lastbilar\/scania-serviceavtal\/#breadcrumb\"},\"inLanguage\":\"sv-SE\",\"potentialAction\":[{\"@type\":\"ReadAction\",\"target\":[\"https:\/\/toveksbil.se\/lastbilar\/scania-serviceavtal\/\"]}]},{\"@type\":\"ImageObject\",\"inLanguage\":\"sv-SE\",\"@id\":\"https:\/\/toveksbil.se\/lastbilar\/scania-serviceavtal\/#primaryimage\",\"url\":\"https:\/\/toveksbil.se\/lastbilar\/wp-content\/uploads\/2018\/05\/Scania-Serviceavtal.png\",\"contentUrl\":\"https:\/\/toveksbil.se\/lastbilar\/wp-content\/uploads\/2018\/05\/Scania-Serviceavtal.png\",\"width\":\"1154\",\"height\":\"486\",\"caption\":\"Scania Serviceavtal\"},{\"@type\":\"BreadcrumbList\",\"@id\":\"https:\/\/toveksbil.se\/lastbilar\/scania-serviceavtal\/#breadcrumb\",\"itemListElement\":[{\"@type\":\"ListItem\",\"position\":1,\"name\":\"Hem\",\"item\":\"https:\/\/toveksbil.se\/lastbilar\/\"},{\"@type\":\"ListItem\",\"position\":2,\"name\":\"Scania Serviceavtal\"}]},{\"@type\":\"WebSite\",\"@id\":\"https:\/\/toveksbil.se\/lastbilar\/#website\",\"url\":\"https:\/\/toveksbil.se\/lastbilar\/\",\"name\":\"Toveks Bil\",\"description\":\"Hela v\u00e4gen\",\"potentialAction\":[{\"@type\":\"SearchAction\",\"target\":{\"@type\":\"EntryPoint\",\"urlTemplate\":\"https:\/\/toveksbil.se\/lastbilar\/?s={search_term_string}\"},\"query-input\":{\"@type\":\"PropertyValueSpecification\",\"valueRequired\":true,\"valueName\":\"search_term_string\"}}],\"inLanguage\":\"sv-SE\"}]}<\/script>\n<!-- \/ Yoast SEO plugin. -->","yoast_head_json":{"title":"Scania Serviceavtal, Underh\u00e5ll lastbilar - Toveks Lastbil","description":"Scania Serviceavtal Serviceavtal finns i flera olika niv\u00e5er och grundtanken \u00e4r enkel. Vi tar hand om underh\u00e5llet, du koncentrerar dig p\u00e5 transportverksamheten. Underh\u00e5llsavtal Skr\u00e4ddarsydd underh\u00e5llsplanering f\u00f6r ditt fordon. Med ett fast pris per kilometer f\u00e5r du kontroll \u00f6ver kostnaderna","robots":{"index":"index","follow":"follow","max-snippet":"max-snippet:-1","max-image-preview":"max-image-preview:large","max-video-preview":"max-video-preview:-1"},"canonical":"https:\/\/toveksbil.se\/lastbilar\/scania-serviceavtal\/","twitter_card":"summary_large_image","twitter_title":"Scania Serviceavtal, Underh\u00e5ll lastbilar - Toveks Lastbil","twitter_description":"Scania Serviceavtal Serviceavtal finns i flera olika niv\u00e5er och grundtanken \u00e4r enkel. Vi tar hand om underh\u00e5llet, du koncentrerar dig p\u00e5 transportverksamheten. Underh\u00e5llsavtal Skr\u00e4ddarsydd underh\u00e5llsplanering f\u00f6r ditt fordon. Med ett fast pris per kilometer f\u00e5r du kontroll \u00f6ver kostnaderna","twitter_image":"https:\/\/toveksbil.se\/lastbilar\/wp-content\/uploads\/2018\/05\/Scania-Serviceavtal.png","twitter_misc":{"Ber\u00e4knad l\u00e4stid":"2 minuter"},"schema":{"@context":"https:\/\/schema.org","@graph":[{"@type":"WebPage","@id":"https:\/\/toveksbil.se\/lastbilar\/scania-serviceavtal\/","url":"https:\/\/toveksbil.se\/lastbilar\/scania-serviceavtal\/","name":"Scania Serviceavtal, Underh\u00e5ll lastbilar - Toveks Lastbil","isPartOf":{"@id":"https:\/\/toveksbil.se\/lastbilar\/#website"},"primaryImageOfPage":{"@id":"https:\/\/toveksbil.se\/lastbilar\/scania-serviceavtal\/#primaryimage"},"image":{"@id":"https:\/\/toveksbil.se\/lastbilar\/scania-serviceavtal\/#primaryimage"},"thumbnailUrl":"https:\/\/toveksbil.se\/lastbilar\/wp-content\/uploads\/2018\/05\/Scania-Serviceavtal.png","datePublished":"2018-05-17T10:04:48+00:00","dateModified":"2021-10-15T13:40:24+00:00","description":"Scania Serviceavtal Serviceavtal finns i flera olika niv\u00e5er och grundtanken \u00e4r enkel. Vi tar hand om underh\u00e5llet, du koncentrerar dig p\u00e5 transportverksamheten. Underh\u00e5llsavtal Skr\u00e4ddarsydd underh\u00e5llsplanering f\u00f6r ditt fordon. Med ett fast pris per kilometer f\u00e5r du kontroll \u00f6ver kostnaderna","breadcrumb":{"@id":"https:\/\/toveksbil.se\/lastbilar\/scania-serviceavtal\/#breadcrumb"},"inLanguage":"sv-SE","potentialAction":[{"@type":"ReadAction","target":["https:\/\/toveksbil.se\/lastbilar\/scania-serviceavtal\/"]}]},{"@type":"ImageObject","inLanguage":"sv-SE","@id":"https:\/\/toveksbil.se\/lastbilar\/scania-serviceavtal\/#primaryimage","url":"https:\/\/toveksbil.se\/lastbilar\/wp-content\/uploads\/2018\/05\/Scania-Serviceavtal.png","contentUrl":"https:\/\/toveksbil.se\/lastbilar\/wp-content\/uploads\/2018\/05\/Scania-Serviceavtal.png","width":"1154","height":"486","caption":"Scania Serviceavtal"},{"@type":"BreadcrumbList","@id":"https:\/\/toveksbil.se\/lastbilar\/scania-serviceavtal\/#breadcrumb","itemListElement":[{"@type":"ListItem","position":1,"name":"Hem","item":"https:\/\/toveksbil.se\/lastbilar\/"},{"@type":"ListItem","position":2,"name":"Scania Serviceavtal"}]},{"@type":"WebSite","@id":"https:\/\/toveksbil.se\/lastbilar\/#website","url":"https:\/\/toveksbil.se\/lastbilar\/","name":"Toveks Bil","description":"Hela v\u00e4gen","potentialAction":[{"@type":"SearchAction","target":{"@type":"EntryPoint","urlTemplate":"https:\/\/toveksbil.se\/lastbilar\/?s={search_term_string}"},"query-input":{"@type":"PropertyValueSpecification","valueRequired":true,"valueName":"search_term_string"}}],"inLanguage":"sv-SE"}]}},"_links":{"self":[{"href":"https:\/\/toveksbil.se\/lastbilar\/wp-json\/wp\/v2\/pages\/6200","targetHints":{"allow":["GET"]}}],"collection":[{"href":"https:\/\/toveksbil.se\/lastbilar\/wp-json\/wp\/v2\/pages"}],"about":[{"href":"https:\/\/toveksbil.se\/lastbilar\/wp-json\/wp\/v2\/types\/page"}],"author":[{"embeddable":true,"href":"https:\/\/toveksbil.se\/lastbilar\/wp-json\/wp\/v2\/users\/2"}],"replies":[{"embeddable":true,"href":"https:\/\/toveksbil.se\/lastbilar\/wp-json\/wp\/v2\/comments?post=6200"}],"version-history":[{"count":9,"href":"https:\/\/toveksbil.se\/lastbilar\/wp-json\/wp\/v2\/pages\/6200\/revisions"}],"predecessor-version":[{"id":7692,"href":"https:\/\/toveksbil.se\/lastbilar\/wp-json\/wp\/v2\/pages\/6200\/revisions\/7692"}],"wp:attachment":[{"href":"https:\/\/toveksbil.se\/lastbilar\/wp-json\/wp\/v2\/media?parent=6200"}],"curies":[{"name":"wp","href":"https:\/\/api.w.org\/{rel}","templated":true}]}}