{"id":6325,"date":"2018-05-22T10:50:56","date_gmt":"2018-05-22T08:50:56","guid":{"rendered":"http:\/\/toveksbil.se\/lastbilardev\/?page_id=6325"},"modified":"2022-09-21T13:54:53","modified_gmt":"2022-09-21T11:54:53","slug":"lastbilar-kontakt","status":"publish","type":"page","link":"https:\/\/toveksbil.se\/lastbilar\/lastbilar-kontakt\/","title":{"rendered":"Lastbilar kontakt"},"content":{"rendered":"<h1>Kontakta s\u00e4ljare<\/h1>\n<div class=\"city-container\" data-id=\"519\"><div class=\"city-container-header\" data-id=\"519\"><h3 class=\"staff-city-header\" id=\"519\">Falk\u00f6ping<\/h3><span class=\"staff-city-expand-button\" data-id=\"519\">Visa personal <i class=\"fa fa-angle-down\" aria-hidden=\"true\"><\/i><\/span><div style=\"clear:both;\"><\/div><\/div><div class=\"row personal-wrap\" id=\"city519\"><a class=\"orten\" href=\"https:\/\/toveksbil.se\/lastbilar\/falkoping\">Till kontaktsida<\/a><div class=\"opening-hours\"><a href=\"https:\/\/toveksbil.se\/lastbilar\/avvikande-oppettider\/\" class=\"irregular-opening-hours\">Avvikande \u00f6ppettider<\/a><\/div><div class=\"wpb_column vc_column_container vc_col-sm-2 personal-item\"><div class=\"vc_column-inner\"><img decoding=\"async\" src=\"https:\/\/toveksbil.se\/lastbilar\/wp-content\/uploads\/2018\/05\/Christer-Henriksson.jpg\" alt=\"Christer Henriksson\" \/><div class=\"personal-text\"><p class=\"carlist\"><\/p><h3>Christer Henriksson<\/h3><p><span style=\"font-style: italic\">S\u00e4ljare<\/span><br \/><img decoding=\"async\" src=\"https:\/\/toveksbil.se\/lastbilar\/wp-content\/themes\/Toveks\/img\/tel-ikon.png\" alt=\"Telefon\"><a href=\"tel:0515-89618\">0515-89618<\/a><br \/><img decoding=\"async\" src=\"https:\/\/toveksbil.se\/lastbilar\/wp-content\/themes\/Toveks\/img\/mail-ikon.png\" alt=\"E-post\"><a href=\"mailto:christer.henriksson@toveksbil.se\">Maila<\/a><\/p><\/div><\/div><\/div><\/div><div style=\"clear:both;\"><\/div><\/div><div class=\"city-container\" data-id=\"521\"><div class=\"city-container-header\" data-id=\"521\"><h3 class=\"staff-city-header\" id=\"521\">Lidk\u00f6ping<\/h3><span class=\"staff-city-expand-button\" data-id=\"521\">Visa personal <i class=\"fa fa-angle-down\" aria-hidden=\"true\"><\/i><\/span><div style=\"clear:both;\"><\/div><\/div><div class=\"row personal-wrap\" id=\"city521\"><a class=\"orten\" href=\"https:\/\/toveksbil.se\/lastbilar\/lidkoping\">Till kontaktsida<\/a><div class=\"opening-hours\"><a href=\"https:\/\/toveksbil.se\/lastbilar\/avvikande-oppettider\/\" class=\"irregular-opening-hours\">Avvikande \u00f6ppettider<\/a><\/div><div class=\"wpb_column vc_column_container vc_col-sm-2 personal-item\"><div class=\"vc_column-inner\"><img decoding=\"async\" src=\"https:\/\/toveksbil.se\/lastbilar\/wp-content\/uploads\/2018\/04\/Anders-Kron.jpg\" alt=\"Anders Kron\" \/><div class=\"personal-text\"><p class=\"carlist\"><\/p><h3>Anders Kron<\/h3><p><span style=\"font-style: italic\">S\u00e4ljare<\/span><br \/><img decoding=\"async\" src=\"https:\/\/toveksbil.se\/lastbilar\/wp-content\/themes\/Toveks\/img\/tel-ikon.png\" alt=\"Telefon\"><a href=\"tel:0510-68865\">0510-68865<\/a><br \/><img decoding=\"async\" src=\"https:\/\/toveksbil.se\/lastbilar\/wp-content\/themes\/Toveks\/img\/mail-ikon.png\" alt=\"E-post\"><a href=\"mailto:anders.kron@toveksbil.se\">Maila<\/a><\/p><\/div><\/div><\/div><\/div><div style=\"clear:both;\"><\/div><\/div><div class=\"city-container\" data-id=\"523\"><div class=\"city-container-header\" data-id=\"523\"><h3 class=\"staff-city-header\" id=\"523\">Mariestad<\/h3><span class=\"staff-city-expand-button\" data-id=\"523\">Visa personal <i class=\"fa fa-angle-down\" aria-hidden=\"true\"><\/i><\/span><div style=\"clear:both;\"><\/div><\/div><div class=\"row personal-wrap\" id=\"city523\"><a class=\"orten\" href=\"https:\/\/toveksbil.se\/lastbilar\/mariestad\">Till kontaktsida<\/a><div class=\"opening-hours\"><a href=\"https:\/\/toveksbil.se\/lastbilar\/avvikande-oppettider\/\" class=\"irregular-opening-hours\">Avvikande \u00f6ppettider<\/a><\/div><div class=\"wpb_column vc_column_container vc_col-sm-2 personal-item\"><div class=\"vc_column-inner\"><img decoding=\"async\" src=\"https:\/\/toveksbil.se\/lastbilar\/wp-content\/uploads\/2025\/12\/Mattias-Lundgren-2.jpg\" alt=\"Mattias Lundgren\" \/><div class=\"personal-text\"><p class=\"carlist\"><\/p><h3>Mattias Lundgren<\/h3><p><span style=\"font-style: italic\">S\u00e4ljare<\/span><br \/><img decoding=\"async\" src=\"https:\/\/toveksbil.se\/lastbilar\/wp-content\/themes\/Toveks\/img\/tel-ikon.png\" alt=\"Telefon\"><a href=\"tel:0501-67988\">0501-67988<\/a><br \/><img decoding=\"async\" src=\"https:\/\/toveksbil.se\/lastbilar\/wp-content\/themes\/Toveks\/img\/mail-ikon.png\" alt=\"E-post\"><a href=\"mailto:mattias.lundgren@toveksbil.se\">Maila<\/a><\/p><\/div><\/div><\/div><\/div><div style=\"clear:both;\"><\/div><\/div><div class=\"city-container\" data-id=\"8587\"><div class=\"city-container-header\" data-id=\"8587\"><h3 class=\"staff-city-header\" id=\"8587\">Motala<\/h3><span class=\"staff-city-expand-button\" data-id=\"8587\">Visa personal <i class=\"fa fa-angle-down\" aria-hidden=\"true\"><\/i><\/span><div style=\"clear:both;\"><\/div><\/div><div class=\"row personal-wrap\" id=\"city8587\"><a class=\"orten\" href=\"https:\/\/toveksbil.se\/lastbilar\/motala\">Till kontaktsida<\/a><div class=\"opening-hours\"><a href=\"https:\/\/toveksbil.se\/lastbilar\/avvikande-oppettider\/\" class=\"irregular-opening-hours\">Avvikande \u00f6ppettider<\/a><\/div><div class=\"wpb_column vc_column_container vc_col-sm-2 personal-item\"><div class=\"vc_column-inner\"><img decoding=\"async\" src=\"https:\/\/toveksbil.se\/lastbilar\/wp-content\/uploads\/2024\/11\/3.jpg\" alt=\"Niclas Qvarfortdt\" \/><div class=\"personal-text\"><p class=\"carlist\"><\/p><h3>Niclas Qvarfortdt<\/h3><p><span style=\"font-style: italic\">S\u00e4ljare<\/span><br \/><img decoding=\"async\" src=\"https:\/\/toveksbil.se\/lastbilar\/wp-content\/themes\/Toveks\/img\/tel-ikon.png\" alt=\"Telefon\"><a href=\"tel:0141-21 06 18\">0141-21 06 18<\/a><br \/><img decoding=\"async\" src=\"https:\/\/toveksbil.se\/lastbilar\/wp-content\/themes\/Toveks\/img\/mail-ikon.png\" alt=\"E-post\"><a href=\"mailto:niclas.qvarfordt@toveksbil.se\">Maila<\/a><\/p><\/div><\/div><\/div><\/div><div style=\"clear:both;\"><\/div><\/div><div class=\"city-container\" data-id=\"525\"><div class=\"city-container-header\" data-id=\"525\"><h3 class=\"staff-city-header\" id=\"525\">Sk\u00f6vde<\/h3><span class=\"staff-city-expand-button\" data-id=\"525\">Visa personal <i class=\"fa fa-angle-down\" aria-hidden=\"true\"><\/i><\/span><div style=\"clear:both;\"><\/div><\/div><div class=\"row personal-wrap\" id=\"city525\"><a class=\"orten\" href=\"https:\/\/toveksbil.se\/lastbilar\/skovde\">Till kontaktsida<\/a><div class=\"opening-hours\"><a href=\"https:\/\/toveksbil.se\/lastbilar\/avvikande-oppettider\/\" class=\"irregular-opening-hours\">Avvikande \u00f6ppettider<\/a><\/div><div class=\"wpb_column vc_column_container vc_col-sm-2 personal-item\"><div class=\"vc_column-inner\"><img decoding=\"async\" src=\"https:\/\/toveksbil.se\/lastbilar\/wp-content\/uploads\/2018\/04\/Mathias-Bergstrand-2.jpg\" alt=\"Mathias Bergstrand\" \/><div class=\"personal-text\"><p class=\"carlist\"><\/p><h3>Mathias Bergstrand<\/h3><p><span style=\"font-style: italic\">S\u00e4ljare<\/span><br \/><img decoding=\"async\" src=\"https:\/\/toveksbil.se\/lastbilar\/wp-content\/themes\/Toveks\/img\/tel-ikon.png\" alt=\"Telefon\"><a href=\"tel:0500-427929\">0500-427929<\/a><br \/><img decoding=\"async\" src=\"https:\/\/toveksbil.se\/lastbilar\/wp-content\/themes\/Toveks\/img\/mail-ikon.png\" alt=\"E-post\"><a href=\"mailto:Mathias.Bergstrand@toveksbil.se\">Maila<\/a><\/p><\/div><\/div><\/div><\/div><div style=\"clear:both;\"><\/div><\/div><div class=\"city-container\" data-id=\"526\"><div class=\"city-container-header\" data-id=\"526\"><h3 class=\"staff-city-header\" id=\"526\">Trollh\u00e4ttan<\/h3><span class=\"staff-city-expand-button\" data-id=\"526\">Visa personal <i class=\"fa fa-angle-down\" aria-hidden=\"true\"><\/i><\/span><div style=\"clear:both;\"><\/div><\/div><div class=\"row personal-wrap\" id=\"city526\"><a class=\"orten\" href=\"https:\/\/toveksbil.se\/lastbilar\/trollhattan\">Till kontaktsida<\/a><div class=\"opening-hours\"><a href=\"https:\/\/toveksbil.se\/lastbilar\/avvikande-oppettider\/\" class=\"irregular-opening-hours\">Avvikande \u00f6ppettider<\/a><\/div><div class=\"wpb_column vc_column_container vc_col-sm-2 personal-item\"><div class=\"vc_column-inner\"><img decoding=\"async\" src=\"https:\/\/toveksbil.se\/lastbilar\/wp-content\/themes\/Toveks\/img\/ingen-bild.png\" alt=\"Fredrik Antonsson\" \/><div class=\"personal-text\"><p class=\"carlist\"><\/p><h3>Fredrik Antonsson<\/h3><p><span style=\"font-style: italic\">S\u00e4ljare<\/span><br \/><img decoding=\"async\" src=\"https:\/\/toveksbil.se\/lastbilar\/wp-content\/themes\/Toveks\/img\/tel-ikon.png\" alt=\"Telefon\"><a href=\"tel:0520-489222\">0520-489222<\/a><br \/><img decoding=\"async\" src=\"https:\/\/toveksbil.se\/lastbilar\/wp-content\/themes\/Toveks\/img\/mail-ikon.png\" alt=\"E-post\"><a href=\"mailto:fredrik.antonsson@toveksbil.se\">Maila<\/a><\/p><\/div><\/div><\/div><\/div><div style=\"clear:both;\"><\/div><\/div><div class=\"city-container\" data-id=\"527\"><div class=\"city-container-header\" data-id=\"527\"><h3 class=\"staff-city-header\" id=\"527\">Uddevalla<\/h3><span class=\"staff-city-expand-button\" data-id=\"527\">Visa personal <i class=\"fa fa-angle-down\" aria-hidden=\"true\"><\/i><\/span><div style=\"clear:both;\"><\/div><\/div><div class=\"row personal-wrap\" id=\"city527\"><a class=\"orten\" href=\"https:\/\/toveksbil.se\/lastbilar\/uddevalla\">Till kontaktsida<\/a><div class=\"opening-hours\"><a href=\"https:\/\/toveksbil.se\/lastbilar\/avvikande-oppettider\/\" class=\"irregular-opening-hours\">Avvikande \u00f6ppettider<\/a><\/div><div class=\"wpb_column vc_column_container vc_col-sm-2 personal-item\"><div class=\"vc_column-inner\"><img decoding=\"async\" src=\"https:\/\/toveksbil.se\/lastbilar\/wp-content\/uploads\/2018\/05\/Johan-Ericsson.jpg\" alt=\"Johan Ericsson\" \/><div class=\"personal-text\"><p class=\"carlist\"><\/p><h3>Johan Ericsson<\/h3><p><span style=\"font-style: italic\">S\u00e4ljare<\/span><br \/><img decoding=\"async\" src=\"https:\/\/toveksbil.se\/lastbilar\/wp-content\/themes\/Toveks\/img\/tel-ikon.png\" alt=\"Telefon\"><a href=\"tel:0522-654371\">0522-654371<\/a><br \/><img decoding=\"async\" src=\"https:\/\/toveksbil.se\/lastbilar\/wp-content\/themes\/Toveks\/img\/mail-ikon.png\" alt=\"E-post\"><a href=\"mailto:johan.ericsson@toveksbil.se\">Maila<\/a><\/p><\/div><\/div><\/div><div class=\"wpb_column vc_column_container vc_col-sm-2 personal-item\"><div class=\"vc_column-inner\"><img decoding=\"async\" src=\"https:\/\/toveksbil.se\/lastbilar\/wp-content\/uploads\/2018\/05\/Bj\u00f6rn-G\u00f6thberg.jpg\" alt=\"Bj\u00f6rn G\u00f6thberg\" \/><div class=\"personal-text\"><p class=\"carlist\"><\/p><h3>Bj\u00f6rn G\u00f6thberg<\/h3><p><span style=\"font-style: italic\">S\u00e4ljare<\/span><br \/><img decoding=\"async\" src=\"https:\/\/toveksbil.se\/lastbilar\/wp-content\/themes\/Toveks\/img\/tel-ikon.png\" alt=\"Telefon\"><a href=\"tel:0522-654345\">0522-654345<\/a><br \/><img decoding=\"async\" src=\"https:\/\/toveksbil.se\/lastbilar\/wp-content\/themes\/Toveks\/img\/mail-ikon.png\" alt=\"E-post\"><a href=\"mailto:bjorn.gothberg@toveksbil.se\">Maila<\/a><\/p><\/div><\/div><\/div><\/div><div style=\"clear:both;\"><\/div><\/div><div class=\"city-container\" data-id=\"391\"><div class=\"city-container-header\" data-id=\"391\"><h3 class=\"staff-city-header\" id=\"391\">\u00c5m\u00e5l<\/h3><span class=\"staff-city-expand-button\" data-id=\"391\">Visa personal <i class=\"fa fa-angle-down\" aria-hidden=\"true\"><\/i><\/span><div style=\"clear:both;\"><\/div><\/div><div class=\"row personal-wrap\" id=\"city391\"><a class=\"orten\" href=\"https:\/\/toveksbil.se\/lastbilar\/amal\">Till kontaktsida<\/a><div class=\"opening-hours\"><a href=\"https:\/\/toveksbil.se\/lastbilar\/avvikande-oppettider\/\" class=\"irregular-opening-hours\">Avvikande \u00f6ppettider<\/a><\/div><div class=\"wpb_column vc_column_container vc_col-sm-2 personal-item\"><div class=\"vc_column-inner\"><img decoding=\"async\" src=\"https:\/\/toveksbil.se\/lastbilar\/wp-content\/uploads\/2024\/05\/Fredrik-Magnusson.jpg\" alt=\"Fredrik Magnusson\" \/><div class=\"personal-text\"><p class=\"carlist\"><\/p><h3>Fredrik Magnusson<\/h3><p><span style=\"font-style: italic\">F\u00f6rs\u00e4ljningschef<\/span><br \/><img decoding=\"async\" src=\"https:\/\/toveksbil.se\/lastbilar\/wp-content\/themes\/Toveks\/img\/tel-ikon.png\" alt=\"Telefon\"><a href=\"tel:0532-607758\">0532-607758<\/a><br \/><img decoding=\"async\" src=\"https:\/\/toveksbil.se\/lastbilar\/wp-content\/themes\/Toveks\/img\/mail-ikon.png\" alt=\"E-post\"><a href=\"mailto:fredrik.magnusson@toveksbil.se\">Maila<\/a><\/p><\/div><\/div><\/div><\/div><div style=\"clear:both;\"><\/div><\/div><script>jQuery(\".city-container-header\").click(function () {var id = jQuery(this).data(\"id\");if (jQuery(\"#city\" + id).is(\":visible\")) {jQuery(\"#city\" + id).slideUp(\"slow\", function () { });jQuery(this).find(\".staff-city-expand-button\").html(\"Visa personal <i class=\\\"fa fa-angle-down\\\" aria-hidden=\\\"true\\\"><\/i>\");}else {jQuery(\"#city\" + id).slideDown(\"slow\", function () { });jQuery(this).find(\".staff-city-expand-button\").html(\"D\u00f6lj personal <i class=\\\"fa fa-angle-up\\\" aria-hidden=\\\"true\\\"><\/i>\");}});<\/script>\n","protected":false},"excerpt":{"rendered":"<p>Kontakta s\u00e4ljare<\/p>\n","protected":false},"author":1,"featured_media":0,"parent":0,"menu_order":0,"comment_status":"closed","ping_status":"closed","template":"templates\/Kampanjsida.php","meta":{"_acf_changed":false,"_exactmetrics_skip_tracking":false,"_exactmetrics_sitenote_active":false,"_exactmetrics_sitenote_note":"","_exactmetrics_sitenote_category":0,"footnotes":""},"class_list":["post-6325","page","type-page","status-publish","hentry"],"acf":[],"yoast_head":"<!-- This site is optimized with the Yoast SEO plugin v27.2 - https:\/\/yoast.com\/product\/yoast-seo-wordpress\/ -->\n<title>Toveks Lastbilar | Kontakt oss, Kontaktuppgifter, S\u00e4ljare<\/title>\n<meta name=\"description\" content=\"Kontakta v\u00e5ra s\u00e4ljare p\u00e5 Toveks Lastbilar. H\u00e4r hittar ni alla kontaktuppgifter till Toveks s\u00e4ljare p\u00e5 Lastbil i Falk\u00f6ping, Lidk\u00f6ping, Mariestad, Sk\u00f6vde Trollh\u00e4ttan Uddevalla, Vara och \u00c5m\u00e5l. V\u00e4lkommen att kontakta oss p\u00e5 Toveks Lastbilar.\" \/>\n<meta name=\"robots\" content=\"index, follow, max-snippet:-1, max-image-preview:large, max-video-preview:-1\" \/>\n<link rel=\"canonical\" href=\"https:\/\/toveksbil.se\/lastbilar\/lastbilar-kontakt\/\" \/>\n<meta name=\"twitter:card\" content=\"summary_large_image\" \/>\n<meta name=\"twitter:title\" content=\"Toveks Lastbilar | Kontakt oss, Kontaktuppgifter, S\u00e4ljare\" \/>\n<meta name=\"twitter:description\" content=\"Kontakta v\u00e5ra s\u00e4ljare p\u00e5 Toveks Lastbilar. H\u00e4r hittar ni alla kontaktuppgifter till Toveks s\u00e4ljare p\u00e5 Lastbil i Falk\u00f6ping, Lidk\u00f6ping, Mariestad, Sk\u00f6vde Trollh\u00e4ttan Uddevalla, Vara och \u00c5m\u00e5l. V\u00e4lkommen att kontakta oss p\u00e5 Toveks Lastbilar.\" \/>\n<meta name=\"twitter:label1\" content=\"Ber\u00e4knad l\u00e4stid\" \/>\n\t<meta name=\"twitter:data1\" content=\"1 minut\" \/>\n<script type=\"application\/ld+json\" class=\"yoast-schema-graph\">{\"@context\":\"https:\/\/schema.org\",\"@graph\":[{\"@type\":\"WebPage\",\"@id\":\"https:\/\/toveksbil.se\/lastbilar\/lastbilar-kontakt\/\",\"url\":\"https:\/\/toveksbil.se\/lastbilar\/lastbilar-kontakt\/\",\"name\":\"Toveks Lastbilar | Kontakt oss, Kontaktuppgifter, S\u00e4ljare\",\"isPartOf\":{\"@id\":\"https:\/\/toveksbil.se\/lastbilar\/#website\"},\"datePublished\":\"2018-05-22T08:50:56+00:00\",\"dateModified\":\"2022-09-21T11:54:53+00:00\",\"description\":\"Kontakta v\u00e5ra s\u00e4ljare p\u00e5 Toveks Lastbilar. H\u00e4r hittar ni alla kontaktuppgifter till Toveks s\u00e4ljare p\u00e5 Lastbil i Falk\u00f6ping, Lidk\u00f6ping, Mariestad, Sk\u00f6vde Trollh\u00e4ttan Uddevalla, Vara och \u00c5m\u00e5l. V\u00e4lkommen att kontakta oss p\u00e5 Toveks Lastbilar.\",\"breadcrumb\":{\"@id\":\"https:\/\/toveksbil.se\/lastbilar\/lastbilar-kontakt\/#breadcrumb\"},\"inLanguage\":\"sv-SE\",\"potentialAction\":[{\"@type\":\"ReadAction\",\"target\":[\"https:\/\/toveksbil.se\/lastbilar\/lastbilar-kontakt\/\"]}]},{\"@type\":\"BreadcrumbList\",\"@id\":\"https:\/\/toveksbil.se\/lastbilar\/lastbilar-kontakt\/#breadcrumb\",\"itemListElement\":[{\"@type\":\"ListItem\",\"position\":1,\"name\":\"Hem\",\"item\":\"https:\/\/toveksbil.se\/lastbilar\/\"},{\"@type\":\"ListItem\",\"position\":2,\"name\":\"Lastbilar kontakt\"}]},{\"@type\":\"WebSite\",\"@id\":\"https:\/\/toveksbil.se\/lastbilar\/#website\",\"url\":\"https:\/\/toveksbil.se\/lastbilar\/\",\"name\":\"Toveks Bil\",\"description\":\"Hela v\u00e4gen\",\"potentialAction\":[{\"@type\":\"SearchAction\",\"target\":{\"@type\":\"EntryPoint\",\"urlTemplate\":\"https:\/\/toveksbil.se\/lastbilar\/?s={search_term_string}\"},\"query-input\":{\"@type\":\"PropertyValueSpecification\",\"valueRequired\":true,\"valueName\":\"search_term_string\"}}],\"inLanguage\":\"sv-SE\"}]}<\/script>\n<!-- \/ Yoast SEO plugin. -->","yoast_head_json":{"title":"Toveks Lastbilar | Kontakt oss, Kontaktuppgifter, S\u00e4ljare","description":"Kontakta v\u00e5ra s\u00e4ljare p\u00e5 Toveks Lastbilar. H\u00e4r hittar ni alla kontaktuppgifter till Toveks s\u00e4ljare p\u00e5 Lastbil i Falk\u00f6ping, Lidk\u00f6ping, Mariestad, Sk\u00f6vde Trollh\u00e4ttan Uddevalla, Vara och \u00c5m\u00e5l. V\u00e4lkommen att kontakta oss p\u00e5 Toveks Lastbilar.","robots":{"index":"index","follow":"follow","max-snippet":"max-snippet:-1","max-image-preview":"max-image-preview:large","max-video-preview":"max-video-preview:-1"},"canonical":"https:\/\/toveksbil.se\/lastbilar\/lastbilar-kontakt\/","twitter_card":"summary_large_image","twitter_title":"Toveks Lastbilar | Kontakt oss, Kontaktuppgifter, S\u00e4ljare","twitter_description":"Kontakta v\u00e5ra s\u00e4ljare p\u00e5 Toveks Lastbilar. H\u00e4r hittar ni alla kontaktuppgifter till Toveks s\u00e4ljare p\u00e5 Lastbil i Falk\u00f6ping, Lidk\u00f6ping, Mariestad, Sk\u00f6vde Trollh\u00e4ttan Uddevalla, Vara och \u00c5m\u00e5l. V\u00e4lkommen att kontakta oss p\u00e5 Toveks Lastbilar.","twitter_misc":{"Ber\u00e4knad l\u00e4stid":"1 minut"},"schema":{"@context":"https:\/\/schema.org","@graph":[{"@type":"WebPage","@id":"https:\/\/toveksbil.se\/lastbilar\/lastbilar-kontakt\/","url":"https:\/\/toveksbil.se\/lastbilar\/lastbilar-kontakt\/","name":"Toveks Lastbilar | Kontakt oss, Kontaktuppgifter, S\u00e4ljare","isPartOf":{"@id":"https:\/\/toveksbil.se\/lastbilar\/#website"},"datePublished":"2018-05-22T08:50:56+00:00","dateModified":"2022-09-21T11:54:53+00:00","description":"Kontakta v\u00e5ra s\u00e4ljare p\u00e5 Toveks Lastbilar. H\u00e4r hittar ni alla kontaktuppgifter till Toveks s\u00e4ljare p\u00e5 Lastbil i Falk\u00f6ping, Lidk\u00f6ping, Mariestad, Sk\u00f6vde Trollh\u00e4ttan Uddevalla, Vara och \u00c5m\u00e5l. V\u00e4lkommen att kontakta oss p\u00e5 Toveks Lastbilar.","breadcrumb":{"@id":"https:\/\/toveksbil.se\/lastbilar\/lastbilar-kontakt\/#breadcrumb"},"inLanguage":"sv-SE","potentialAction":[{"@type":"ReadAction","target":["https:\/\/toveksbil.se\/lastbilar\/lastbilar-kontakt\/"]}]},{"@type":"BreadcrumbList","@id":"https:\/\/toveksbil.se\/lastbilar\/lastbilar-kontakt\/#breadcrumb","itemListElement":[{"@type":"ListItem","position":1,"name":"Hem","item":"https:\/\/toveksbil.se\/lastbilar\/"},{"@type":"ListItem","position":2,"name":"Lastbilar kontakt"}]},{"@type":"WebSite","@id":"https:\/\/toveksbil.se\/lastbilar\/#website","url":"https:\/\/toveksbil.se\/lastbilar\/","name":"Toveks Bil","description":"Hela v\u00e4gen","potentialAction":[{"@type":"SearchAction","target":{"@type":"EntryPoint","urlTemplate":"https:\/\/toveksbil.se\/lastbilar\/?s={search_term_string}"},"query-input":{"@type":"PropertyValueSpecification","valueRequired":true,"valueName":"search_term_string"}}],"inLanguage":"sv-SE"}]}},"_links":{"self":[{"href":"https:\/\/toveksbil.se\/lastbilar\/wp-json\/wp\/v2\/pages\/6325","targetHints":{"allow":["GET"]}}],"collection":[{"href":"https:\/\/toveksbil.se\/lastbilar\/wp-json\/wp\/v2\/pages"}],"about":[{"href":"https:\/\/toveksbil.se\/lastbilar\/wp-json\/wp\/v2\/types\/page"}],"author":[{"embeddable":true,"href":"https:\/\/toveksbil.se\/lastbilar\/wp-json\/wp\/v2\/users\/1"}],"replies":[{"embeddable":true,"href":"https:\/\/toveksbil.se\/lastbilar\/wp-json\/wp\/v2\/comments?post=6325"}],"version-history":[{"count":9,"href":"https:\/\/toveksbil.se\/lastbilar\/wp-json\/wp\/v2\/pages\/6325\/revisions"}],"predecessor-version":[{"id":7921,"href":"https:\/\/toveksbil.se\/lastbilar\/wp-json\/wp\/v2\/pages\/6325\/revisions\/7921"}],"wp:attachment":[{"href":"https:\/\/toveksbil.se\/lastbilar\/wp-json\/wp\/v2\/media?parent=6325"}],"curies":[{"name":"wp","href":"https:\/\/api.w.org\/{rel}","templated":true}]}}